{"id":9427,"date":"2021-03-24T13:41:10","date_gmt":"2021-03-24T13:41:10","guid":{"rendered":"https:\/\/www.youronlinefrenchteacher.com\/?post_type=product&#038;p=9427"},"modified":"2025-07-27T15:09:33","modified_gmt":"2025-07-27T15:09:33","slug":"test-de-positionnement-de-francais-en-ligne-gratuit","status":"publish","type":"product","link":"https:\/\/www.youronlinefrenchteacher.com\/fr\/product\/test-de-positionnement-de-francais-en-ligne-gratuit\/","title":{"rendered":"Test de positionnement de fran\u00e7ais en ligne gratuit"},"content":{"rendered":"<h2 data-start=\"132\" data-end=\"210\"><strong data-start=\"138\" data-end=\"210\">Test de positionnement de fran\u00e7ais en ligne gratuit\u00a0<\/strong><\/h2>\n<h4 data-start=\"212\" data-end=\"240\"><strong>\ud83d\udd52 Qu\u2019est-ce que c\u2019est le Test de positionnement de fran\u00e7ais en ligne gratuit ?<\/strong><\/h4>\n<p data-start=\"242\" data-end=\"497\">Le test de positionnement de fran\u00e7ais est une <strong data-start=\"258\" data-end=\"295\">s\u00e9ance individuelle de 30 minutes<\/strong>, enti\u00e8rement <strong data-start=\"309\" data-end=\"321\">gratuite<\/strong> et <strong data-start=\"325\" data-end=\"367\">r\u00e9serv\u00e9e \u00e0 une seule fois par personne<\/strong>.<br data-start=\"368\" data-end=\"371\" \/>C\u2019est le point de d\u00e9part id\u00e9al si vous envisagez de prendre des cours de fran\u00e7ais avec \u00c9lodie, <strong data-start=\"466\" data-end=\"496\">Your Online French Teacher<\/strong>.<\/p>\n<p data-start=\"242\" data-end=\"497\"><img loading=\"lazy\" decoding=\"async\" class=\"size-medium wp-image-6333 aligncenter\" src=\"https:\/\/www.youronlinefrenchteacher.com\/wp-content\/uploads\/2023\/02\/bureau-3-300x225.jpg\" alt=\"\" width=\"300\" height=\"225\" srcset=\"https:\/\/www.youronlinefrenchteacher.com\/wp-content\/uploads\/2023\/02\/bureau-3-300x225.jpg 300w, https:\/\/www.youronlinefrenchteacher.com\/wp-content\/uploads\/2023\/02\/bureau-3.jpg 480w\" sizes=\"auto, (max-width: 300px) 100vw, 300px\" \/><\/p>\n<h4 data-start=\"504\" data-end=\"537\"><strong>\ud83c\udfaf Quels sont les objectifs du test de positionnement ?<\/strong><\/h4>\n<p data-start=\"539\" data-end=\"654\">Cette session permet \u00e0 <strong data-start=\"562\" data-end=\"570\">vous<\/strong> et \u00e0 <strong data-start=\"576\" data-end=\"597\">votre enseignante<\/strong> de d\u00e9finir une feuille de route claire et personnalis\u00e9e.<\/p>\n<p data-start=\"656\" data-end=\"674\"><em>\u2705 Pour vous :<\/em><\/p>\n<ul>\n<li data-start=\"677\" data-end=\"780\">Exprimer vos <strong data-start=\"693\" data-end=\"722\">objectifs d\u2019apprentissage<\/strong> (voyage, travail, examens, d\u00e9veloppement personnel&#8230;).<\/li>\n<li data-start=\"783\" data-end=\"826\">Faire part de votre <strong data-start=\"806\" data-end=\"823\">disponibilit\u00e9<\/strong>.<\/li>\n<li data-start=\"829\" data-end=\"889\">Proposer un <strong data-start=\"844\" data-end=\"870\">rythme de cours adapt\u00e9<\/strong> \u00e0 votre quotidien.<\/li>\n<\/ul>\n<p data-start=\"891\" data-end=\"944\"><em>\ud83d\udc69\u200d\ud83c\udfeb Pour \u00c9lodie \u2013 Your Online French Teacher :<\/em><\/p>\n<ul>\n<li data-start=\"947\" data-end=\"1029\">\u00c9valuer votre <a href=\"https:\/\/www.coe.int\/fr\/web\/common-european-framework-reference-languages\" target=\"_blank\" rel=\"noopener\"><strong data-start=\"965\" data-end=\"994\">niveau actuel de fran\u00e7ais<\/strong><\/a> \u00e0 travers une courte discussion.<\/li>\n<li data-start=\"1032\" data-end=\"1139\">Pr\u00e9senter sa <strong data-start=\"1048\" data-end=\"1064\">m\u00e9thodologie<\/strong>, les <strong data-start=\"1070\" data-end=\"1089\">outils utilis\u00e9s<\/strong> et un <strong data-start=\"1096\" data-end=\"1138\">programme d\u2019apprentissage personnalis\u00e9<\/strong>.<\/li>\n<\/ul>\n<h4 data-start=\"1146\" data-end=\"1173\"><strong>\ud83d\udce9 Ce que vous recevrez<\/strong><\/h4>\n<p data-start=\"1175\" data-end=\"1215\">\u00c0 l\u2019issue de la session, vous recevrez :<\/p>\n<ul>\n<li data-start=\"1218\" data-end=\"1306\">Un <strong data-start=\"1224\" data-end=\"1244\">rapport d\u00e9taill\u00e9<\/strong> sur votre niveau, vos objectifs et un programme recommand\u00e9.<\/li>\n<li data-start=\"1309\" data-end=\"1379\">Des <strong data-start=\"1316\" data-end=\"1342\">suggestions de manuels<\/strong> et ressources pour vous accompagner.<\/li>\n<\/ul>\n<p data-start=\"1381\" data-end=\"1414\">Si vous choisissez de continuer :<\/p>\n<ul>\n<li data-start=\"1417\" data-end=\"1511\">Un <strong data-start=\"1423\" data-end=\"1455\">compte rendu de chaque cours<\/strong> et \ud83c\udfa7 un <strong data-start=\"1465\" data-end=\"1489\">enregistrement audio<\/strong> de la partie orale.<\/li>\n<li data-start=\"1514\" data-end=\"1601\">Les activit\u00e9s du cours, les devoirs et les corrections pour renforcer vos acquis.<\/li>\n<li data-start=\"1604\" data-end=\"1705\">\u00c9lodie reste disponible <strong data-start=\"1631\" data-end=\"1652\">entre les s\u00e9ances<\/strong> via WhatsApp ou email pour r\u00e9pondre \u00e0 vos questions.<\/li>\n<\/ul>\n<h4 data-start=\"1712\" data-end=\"1745\"><\/h4>\n<h4 data-start=\"1712\" data-end=\"1745\"><strong>\u26a0\ufe0f Informations importantes :<\/strong><\/h4>\n<ul>\n<li data-start=\"1749\" data-end=\"1796\">Offre valable une seule fois par \u00e9l\u00e8ve.<\/li>\n<li data-start=\"1799\" data-end=\"1866\">Non cumulable avec le pack d\u2019entr\u00e9e aux cours de fran\u00e7ais.<\/li>\n<li data-start=\"1869\" data-end=\"2014\">Ce test ne peut pas \u00eatre utilis\u00e9 pour faire corriger des devoirs \u2014 toute utilisation inappropri\u00e9e entra\u00eenera l\u2019annulation de la session.<\/li>\n<li data-start=\"2017\" data-end=\"2162\"><em data-start=\"2021\" data-end=\"2068\">Pour garantir la priorit\u00e9 aux \u00e9l\u00e8ves inscrits<\/em>, <a href=\"https:\/\/www.youronlinefrenchteacher.com\/fr\/a-propos-de\/\" target=\"_blank\" rel=\"noopener\">\u00c9lodie<\/a> se r\u00e9serve le droit de <strong data-start=\"2100\" data-end=\"2127\">reprogrammer ou annuler<\/strong> la session gratuite si n\u00e9cessaire.<\/li>\n<\/ul>\n<h4 data-start=\"2169\" data-end=\"2199\"><strong>\ud83d\ude80 Pr\u00eat(e) \u00e0 vous lancer ?<\/strong><\/h4>\n<p data-start=\"2201\" data-end=\"2356\">Faites le premier pas vers un apprentissage du fran\u00e7ais efficace, structur\u00e9 et motivant \u2014 avec une enseignante bienveillante et exp\u00e9riment\u00e9e \u00e0 vos c\u00f4t\u00e9s.<\/p>\n","protected":false},"excerpt":{"rendered":"<p data-start=\"132\" data-end=\"210\">Test de positionnement de fran\u00e7ais en ligne gratuit &#8211;\u00a0Faites le premier pas vers un apprentissage du fran\u00e7ais efficace, structur\u00e9 et motivant \u2014 avec une enseignante bienveillante et exp\u00e9riment\u00e9e \u00e0 vos c\u00f4t\u00e9s.<\/p>\n","protected":false},"featured_media":9439,"comment_status":"open","ping_status":"closed","template":"","meta":{"qubely_global_settings":"","qubely_interactions":""},"product_brand":[],"product_cat":[85],"product_tag":[],"class_list":{"0":"post-9427","1":"product","2":"type-product","3":"status-publish","4":"has-post-thumbnail","6":"product_cat-classes-en-ligne","8":"first","9":"instock","10":"virtual","11":"product-type-simple"},"yoast_head":"<!-- This site is optimized with the Yoast SEO plugin v27.2 - https:\/\/yoast.com\/product\/yoast-seo-wordpress\/ -->\n<title>Test de positionnement de fran\u00e7ais en ligne gratuit - Youronlinefrenchteacher<\/title>\n<meta name=\"description\" content=\"Test de positionnement de fran\u00e7ais en ligne gratuit -\u00a0Faites le premier pas vers un apprentissage du fran\u00e7ais efficace, structur\u00e9 et motivant.\" \/>\n<meta name=\"robots\" content=\"index, follow, max-snippet:-1, max-image-preview:large, max-video-preview:-1\" \/>\n<link rel=\"canonical\" href=\"https:\/\/www.youronlinefrenchteacher.com\/fr\/product\/test-de-positionnement-de-francais-en-ligne-gratuit\/\" \/>\n<meta property=\"og:locale\" content=\"fr_FR\" \/>\n<meta property=\"og:type\" content=\"article\" \/>\n<meta property=\"og:title\" content=\"Test de positionnement de fran\u00e7ais en ligne gratuit - Youronlinefrenchteacher\" \/>\n<meta property=\"og:description\" content=\"Test de positionnement de fran\u00e7ais en ligne gratuit -\u00a0Faites le premier pas vers un apprentissage du fran\u00e7ais efficace, structur\u00e9 et motivant.\" \/>\n<meta property=\"og:url\" content=\"https:\/\/www.youronlinefrenchteacher.com\/fr\/product\/test-de-positionnement-de-francais-en-ligne-gratuit\/\" \/>\n<meta property=\"og:site_name\" content=\"Youronlinefrenchteacher\" \/>\n<meta property=\"article:publisher\" content=\"https:\/\/www.facebook.com\/youronlinefrenchteacher\/\" \/>\n<meta property=\"article:modified_time\" content=\"2025-07-27T15:09:33+00:00\" \/>\n<meta property=\"og:image\" content=\"https:\/\/www.youronlinefrenchteacher.com\/wp-content\/uploads\/2021\/03\/Free-online-French-placement-test-Your-online-French-teacher.jpg\" \/>\n\t<meta property=\"og:image:width\" content=\"1000\" \/>\n\t<meta property=\"og:image:height\" content=\"1499\" \/>\n\t<meta property=\"og:image:type\" content=\"image\/jpeg\" \/>\n<meta name=\"twitter:card\" content=\"summary_large_image\" \/>\n<meta name=\"twitter:label1\" content=\"Dur\u00e9e de lecture estim\u00e9e\" \/>\n\t<meta name=\"twitter:data1\" content=\"2 minutes\" \/>\n<script type=\"application\/ld+json\" class=\"yoast-schema-graph\">{\"@context\":\"https:\/\/schema.org\",\"@graph\":[{\"@type\":\"WebPage\",\"@id\":\"https:\/\/www.youronlinefrenchteacher.com\/fr\/product\/test-de-positionnement-de-francais-en-ligne-gratuit\/\",\"url\":\"https:\/\/www.youronlinefrenchteacher.com\/fr\/product\/test-de-positionnement-de-francais-en-ligne-gratuit\/\",\"name\":\"Test de positionnement de fran\u00e7ais en ligne gratuit - Youronlinefrenchteacher\",\"isPartOf\":{\"@id\":\"https:\/\/www.youronlinefrenchteacher.com\/#website\"},\"primaryImageOfPage\":{\"@id\":\"https:\/\/www.youronlinefrenchteacher.com\/fr\/product\/test-de-positionnement-de-francais-en-ligne-gratuit\/#primaryimage\"},\"image\":{\"@id\":\"https:\/\/www.youronlinefrenchteacher.com\/fr\/product\/test-de-positionnement-de-francais-en-ligne-gratuit\/#primaryimage\"},\"thumbnailUrl\":\"https:\/\/www.youronlinefrenchteacher.com\/wp-content\/uploads\/2021\/03\/Free-online-French-placement-test-Your-online-French-teacher.jpg\",\"datePublished\":\"2021-03-24T13:41:10+00:00\",\"dateModified\":\"2025-07-27T15:09:33+00:00\",\"description\":\"Test de positionnement de fran\u00e7ais en ligne gratuit -\u00a0Faites le premier pas vers un apprentissage du fran\u00e7ais efficace, structur\u00e9 et motivant.\",\"breadcrumb\":{\"@id\":\"https:\/\/www.youronlinefrenchteacher.com\/fr\/product\/test-de-positionnement-de-francais-en-ligne-gratuit\/#breadcrumb\"},\"inLanguage\":\"fr-FR\",\"potentialAction\":[{\"@type\":\"ReadAction\",\"target\":[\"https:\/\/www.youronlinefrenchteacher.com\/fr\/product\/test-de-positionnement-de-francais-en-ligne-gratuit\/\"]}]},{\"@type\":\"ImageObject\",\"inLanguage\":\"fr-FR\",\"@id\":\"https:\/\/www.youronlinefrenchteacher.com\/fr\/product\/test-de-positionnement-de-francais-en-ligne-gratuit\/#primaryimage\",\"url\":\"https:\/\/www.youronlinefrenchteacher.com\/wp-content\/uploads\/2021\/03\/Free-online-French-placement-test-Your-online-French-teacher.jpg\",\"contentUrl\":\"https:\/\/www.youronlinefrenchteacher.com\/wp-content\/uploads\/2021\/03\/Free-online-French-placement-test-Your-online-French-teacher.jpg\",\"width\":1000,\"height\":1499,\"caption\":\"Free online French placement test - Your online French teacher\"},{\"@type\":\"BreadcrumbList\",\"@id\":\"https:\/\/www.youronlinefrenchteacher.com\/fr\/product\/test-de-positionnement-de-francais-en-ligne-gratuit\/#breadcrumb\",\"itemListElement\":[{\"@type\":\"ListItem\",\"position\":1,\"name\":\"Boutique\",\"item\":\"https:\/\/www.youronlinefrenchteacher.com\/fr\/boutique-2\/\"},{\"@type\":\"ListItem\",\"position\":2,\"name\":\"Test de positionnement de fran\u00e7ais en ligne gratuit\"}]},{\"@type\":\"WebSite\",\"@id\":\"https:\/\/www.youronlinefrenchteacher.com\/#website\",\"url\":\"https:\/\/www.youronlinefrenchteacher.com\/\",\"name\":\"Youronlinefrenchteacher\",\"description\":\"Learn french language\",\"publisher\":{\"@id\":\"https:\/\/www.youronlinefrenchteacher.com\/#organization\"},\"potentialAction\":[{\"@type\":\"SearchAction\",\"target\":{\"@type\":\"EntryPoint\",\"urlTemplate\":\"https:\/\/www.youronlinefrenchteacher.com\/?s={search_term_string}\"},\"query-input\":{\"@type\":\"PropertyValueSpecification\",\"valueRequired\":true,\"valueName\":\"search_term_string\"}}],\"inLanguage\":\"fr-FR\"},{\"@type\":\"Organization\",\"@id\":\"https:\/\/www.youronlinefrenchteacher.com\/#organization\",\"name\":\"Youronlinefrenchteacher\",\"url\":\"https:\/\/www.youronlinefrenchteacher.com\/\",\"logo\":{\"@type\":\"ImageObject\",\"inLanguage\":\"fr-FR\",\"@id\":\"https:\/\/www.youronlinefrenchteacher.com\/#\/schema\/logo\/image\/\",\"url\":\"https:\/\/www.youronlinefrenchteacher.com\/wp-content\/uploads\/2022\/12\/logo-yoft.png\",\"contentUrl\":\"https:\/\/www.youronlinefrenchteacher.com\/wp-content\/uploads\/2022\/12\/logo-yoft.png\",\"width\":1694,\"height\":686,\"caption\":\"Youronlinefrenchteacher\"},\"image\":{\"@id\":\"https:\/\/www.youronlinefrenchteacher.com\/#\/schema\/logo\/image\/\"},\"sameAs\":[\"https:\/\/www.facebook.com\/youronlinefrenchteacher\/\",\"https:\/\/www.instagram.com\/youronlinefrenchteacher\/\",\"https:\/\/www.linkedin.com\/in\/elodie-vincent61250\/\"]}]}<\/script>\n<!-- \/ Yoast SEO plugin. -->","yoast_head_json":{"title":"Test de positionnement de fran\u00e7ais en ligne gratuit - Youronlinefrenchteacher","description":"Test de positionnement de fran\u00e7ais en ligne gratuit -\u00a0Faites le premier pas vers un apprentissage du fran\u00e7ais efficace, structur\u00e9 et motivant.","robots":{"index":"index","follow":"follow","max-snippet":"max-snippet:-1","max-image-preview":"max-image-preview:large","max-video-preview":"max-video-preview:-1"},"canonical":"https:\/\/www.youronlinefrenchteacher.com\/fr\/product\/test-de-positionnement-de-francais-en-ligne-gratuit\/","og_locale":"fr_FR","og_type":"article","og_title":"Test de positionnement de fran\u00e7ais en ligne gratuit - Youronlinefrenchteacher","og_description":"Test de positionnement de fran\u00e7ais en ligne gratuit -\u00a0Faites le premier pas vers un apprentissage du fran\u00e7ais efficace, structur\u00e9 et motivant.","og_url":"https:\/\/www.youronlinefrenchteacher.com\/fr\/product\/test-de-positionnement-de-francais-en-ligne-gratuit\/","og_site_name":"Youronlinefrenchteacher","article_publisher":"https:\/\/www.facebook.com\/youronlinefrenchteacher\/","article_modified_time":"2025-07-27T15:09:33+00:00","og_image":[{"width":1000,"height":1499,"url":"https:\/\/www.youronlinefrenchteacher.com\/wp-content\/uploads\/2021\/03\/Free-online-French-placement-test-Your-online-French-teacher.jpg","type":"image\/jpeg"}],"twitter_card":"summary_large_image","twitter_misc":{"Dur\u00e9e de lecture estim\u00e9e":"2 minutes"},"schema":{"@context":"https:\/\/schema.org","@graph":[{"@type":"WebPage","@id":"https:\/\/www.youronlinefrenchteacher.com\/fr\/product\/test-de-positionnement-de-francais-en-ligne-gratuit\/","url":"https:\/\/www.youronlinefrenchteacher.com\/fr\/product\/test-de-positionnement-de-francais-en-ligne-gratuit\/","name":"Test de positionnement de fran\u00e7ais en ligne gratuit - Youronlinefrenchteacher","isPartOf":{"@id":"https:\/\/www.youronlinefrenchteacher.com\/#website"},"primaryImageOfPage":{"@id":"https:\/\/www.youronlinefrenchteacher.com\/fr\/product\/test-de-positionnement-de-francais-en-ligne-gratuit\/#primaryimage"},"image":{"@id":"https:\/\/www.youronlinefrenchteacher.com\/fr\/product\/test-de-positionnement-de-francais-en-ligne-gratuit\/#primaryimage"},"thumbnailUrl":"https:\/\/www.youronlinefrenchteacher.com\/wp-content\/uploads\/2021\/03\/Free-online-French-placement-test-Your-online-French-teacher.jpg","datePublished":"2021-03-24T13:41:10+00:00","dateModified":"2025-07-27T15:09:33+00:00","description":"Test de positionnement de fran\u00e7ais en ligne gratuit -\u00a0Faites le premier pas vers un apprentissage du fran\u00e7ais efficace, structur\u00e9 et motivant.","breadcrumb":{"@id":"https:\/\/www.youronlinefrenchteacher.com\/fr\/product\/test-de-positionnement-de-francais-en-ligne-gratuit\/#breadcrumb"},"inLanguage":"fr-FR","potentialAction":[{"@type":"ReadAction","target":["https:\/\/www.youronlinefrenchteacher.com\/fr\/product\/test-de-positionnement-de-francais-en-ligne-gratuit\/"]}]},{"@type":"ImageObject","inLanguage":"fr-FR","@id":"https:\/\/www.youronlinefrenchteacher.com\/fr\/product\/test-de-positionnement-de-francais-en-ligne-gratuit\/#primaryimage","url":"https:\/\/www.youronlinefrenchteacher.com\/wp-content\/uploads\/2021\/03\/Free-online-French-placement-test-Your-online-French-teacher.jpg","contentUrl":"https:\/\/www.youronlinefrenchteacher.com\/wp-content\/uploads\/2021\/03\/Free-online-French-placement-test-Your-online-French-teacher.jpg","width":1000,"height":1499,"caption":"Free online French placement test - Your online French teacher"},{"@type":"BreadcrumbList","@id":"https:\/\/www.youronlinefrenchteacher.com\/fr\/product\/test-de-positionnement-de-francais-en-ligne-gratuit\/#breadcrumb","itemListElement":[{"@type":"ListItem","position":1,"name":"Boutique","item":"https:\/\/www.youronlinefrenchteacher.com\/fr\/boutique-2\/"},{"@type":"ListItem","position":2,"name":"Test de positionnement de fran\u00e7ais en ligne gratuit"}]},{"@type":"WebSite","@id":"https:\/\/www.youronlinefrenchteacher.com\/#website","url":"https:\/\/www.youronlinefrenchteacher.com\/","name":"Youronlinefrenchteacher","description":"Learn french language","publisher":{"@id":"https:\/\/www.youronlinefrenchteacher.com\/#organization"},"potentialAction":[{"@type":"SearchAction","target":{"@type":"EntryPoint","urlTemplate":"https:\/\/www.youronlinefrenchteacher.com\/?s={search_term_string}"},"query-input":{"@type":"PropertyValueSpecification","valueRequired":true,"valueName":"search_term_string"}}],"inLanguage":"fr-FR"},{"@type":"Organization","@id":"https:\/\/www.youronlinefrenchteacher.com\/#organization","name":"Youronlinefrenchteacher","url":"https:\/\/www.youronlinefrenchteacher.com\/","logo":{"@type":"ImageObject","inLanguage":"fr-FR","@id":"https:\/\/www.youronlinefrenchteacher.com\/#\/schema\/logo\/image\/","url":"https:\/\/www.youronlinefrenchteacher.com\/wp-content\/uploads\/2022\/12\/logo-yoft.png","contentUrl":"https:\/\/www.youronlinefrenchteacher.com\/wp-content\/uploads\/2022\/12\/logo-yoft.png","width":1694,"height":686,"caption":"Youronlinefrenchteacher"},"image":{"@id":"https:\/\/www.youronlinefrenchteacher.com\/#\/schema\/logo\/image\/"},"sameAs":["https:\/\/www.facebook.com\/youronlinefrenchteacher\/","https:\/\/www.instagram.com\/youronlinefrenchteacher\/","https:\/\/www.linkedin.com\/in\/elodie-vincent61250\/"]}]}},"_links":{"self":[{"href":"https:\/\/www.youronlinefrenchteacher.com\/fr\/wp-json\/wp\/v2\/product\/9427","targetHints":{"allow":["GET"]}}],"collection":[{"href":"https:\/\/www.youronlinefrenchteacher.com\/fr\/wp-json\/wp\/v2\/product"}],"about":[{"href":"https:\/\/www.youronlinefrenchteacher.com\/fr\/wp-json\/wp\/v2\/types\/product"}],"replies":[{"embeddable":true,"href":"https:\/\/www.youronlinefrenchteacher.com\/fr\/wp-json\/wp\/v2\/comments?post=9427"}],"wp:featuredmedia":[{"embeddable":true,"href":"https:\/\/www.youronlinefrenchteacher.com\/fr\/wp-json\/wp\/v2\/media\/9439"}],"wp:attachment":[{"href":"https:\/\/www.youronlinefrenchteacher.com\/fr\/wp-json\/wp\/v2\/media?parent=9427"}],"wp:term":[{"taxonomy":"product_brand","embeddable":true,"href":"https:\/\/www.youronlinefrenchteacher.com\/fr\/wp-json\/wp\/v2\/product_brand?post=9427"},{"taxonomy":"product_cat","embeddable":true,"href":"https:\/\/www.youronlinefrenchteacher.com\/fr\/wp-json\/wp\/v2\/product_cat?post=9427"},{"taxonomy":"product_tag","embeddable":true,"href":"https:\/\/www.youronlinefrenchteacher.com\/fr\/wp-json\/wp\/v2\/product_tag?post=9427"}],"curies":[{"name":"wp","href":"https:\/\/api.w.org\/{rel}","templated":true}]}}