{"id":9273,"date":"2024-08-21T10:00:33","date_gmt":"2024-08-21T10:00:33","guid":{"rendered":"https:\/\/www.youronlinefrenchteacher.com\/?post_type=product&#038;p=9273"},"modified":"2025-07-27T12:54:40","modified_gmt":"2025-07-27T12:54:40","slug":"vocabulaire-fle-a1-a2-1000-mots-en-200-cartes-mentales-et-en-audio-avec-exercices-et-corriges","status":"publish","type":"product","link":"https:\/\/www.youronlinefrenchteacher.com\/fr\/product\/vocabulaire-fle-a1-a2-1000-mots-en-200-cartes-mentales-et-en-audio-avec-exercices-et-corriges\/","title":{"rendered":"Best seller: Vocabulaire FLE A1-A2 : 1000 mots en 200 cartes mentales et en audio &#8211; Avec exercices et corrig\u00e9s"},"content":{"rendered":"<h1>Le vocabulaire FLE A1-A2 en un clin d&rsquo;oeil et en audio !<\/h1>\n<p>Les Best seller d&rsquo;Elodie = Vocabulaire FLE A1-A2 : 1000 mots en 200 cartes mentales et en audio &#8211; Avec exercices et corrig\u00e9s &#8211; Ann\u00e9e 2024.<\/p>\n<h2>Apprenez le vocabulaire fran\u00e7ais autrement, de fa\u00e7on visuelle et en audio !<\/h2>\n<p>En un coup d\u2019oeil et gr\u00e2ce \u00e0 l\u2019audio, visualisez, comprenez et retenez les mots les plus courants pour atteindre le niveau A2 en vocabulaire.<\/p>\n<p>Dans chaque fiche :<\/p>\n<ul class=\"a-unordered-list a-vertical\">\n<li><span class=\"a-list-item\">un sujet utile au quotidien ;<\/span><\/li>\n<li><span class=\"a-list-item\">une liste de mots courants, avec traductions en anglais et en espagnol ;<\/span><\/li>\n<li><span class=\"a-list-item\">des exemples en contexte et leur prononciation en audio ;<\/span><\/li>\n<li><span class=\"a-list-item\">des pr\u00e9cisions culturelles ;<\/span><\/li>\n<li><span class=\"a-list-item\">des exercices (+ corrig\u00e9s).<\/span><\/li>\n<\/ul>\n<p>EN LIGNE :<\/p>\n<ul class=\"a-unordered-list a-vertical\">\n<li><span class=\"a-list-item\">tous les exemples prononc\u00e9s :<\/span><\/li>\n<li><span class=\"a-list-item\">3 tests interactifs pour s\u2019entra\u00eener.<\/span><\/li>\n<\/ul>\n<p><img loading=\"lazy\" decoding=\"async\" class=\"size-medium wp-image-9280 aligncenter\" src=\"https:\/\/www.youronlinefrenchteacher.com\/wp-content\/uploads\/2024\/08\/Voca-FLE-Elodie-VINCENT-300x186.jpeg\" alt=\"Vocabulaire FLE A1-A2 avec youronlinefrenchteacher: 1000 mots en 200 cartes mentales et en audio - Avec exercices et corrig\u00e9s\" width=\"300\" height=\"186\" srcset=\"https:\/\/www.youronlinefrenchteacher.com\/wp-content\/uploads\/2024\/08\/Voca-FLE-Elodie-VINCENT-300x186.jpeg 300w, https:\/\/www.youronlinefrenchteacher.com\/wp-content\/uploads\/2024\/08\/Voca-FLE-Elodie-VINCENT-600x371.jpeg 600w, https:\/\/www.youronlinefrenchteacher.com\/wp-content\/uploads\/2024\/08\/Voca-FLE-Elodie-VINCENT-768x475.jpeg 768w, https:\/\/www.youronlinefrenchteacher.com\/wp-content\/uploads\/2024\/08\/Voca-FLE-Elodie-VINCENT.jpeg 970w\" sizes=\"auto, (max-width: 300px) 100vw, 300px\" \/><\/p>\n<h2>Pour qui est le livre Vocabulaire FLE : 1000 mots en 200 cartes mentales ?<\/h2>\n<p>Ce livre est destin\u00e9 \u00e0 tous ceux qui cherchent un moyen rapide d\u2019apprendre ou d\u2019enrichir leur vocabulaire fran\u00e7ais, que ce soit pour leur pratique quotidienne ou pour r\u00e9viser les examens <a href=\"https:\/\/www.coe.int\/fr\/web\/common-european-framework-reference-languages\" target=\"_blank\" rel=\"noopener\">DELF<\/a> A1, DELF A2 ou le TCF. Il a \u00e9t\u00e9 \u00e9crit par Elodie, une v\u00e9ritable professeure de fran\u00e7ais professionnelle, ing\u00e9nieure p\u00e9dagogique sp\u00e9cialis\u00e9e dans la didactique des langues. Ce livre de fran\u00e7ais fait partie des <a href=\"https:\/\/www.youronlinefrenchteacher.com\/fr\/boutique-2\/\" target=\"_blank\" rel=\"noopener\">goodies<\/a> de YOUR ONLINE FRENCH TEACHER (cahier, livre de jeux, livre de grammaire).<\/p>\n<h2>Comment utiliser\u00a0le livre Vocabulaire FLE A1-A2 : 1000 mots en 200 cartes mentales ?<\/h2>\n<p>Vous pouvez utiliser ce livre soit dans l\u2019ordre des pages, soit en choisissant une partie ou un chapitre qui vous int\u00e9resse. Vous trouverez la correction des exercices \u00e0 la fin de livre.<\/p>\n","protected":false},"excerpt":{"rendered":"<p>Le vocabulaire FLE A1-A2 en un clin d&rsquo;oeil et en audio ! Les Best seller d&rsquo;Elodie = Vocabulaire FLE A1-A2 : 1000 mots en 200 cartes mentales et en audio &#8211; Avec exercices et corrig\u00e9s &#8211; Ann\u00e9e 2024. Apprenez le vocabulaire fran\u00e7ais autrement, de fa\u00e7on visuelle et en audio ! En un coup d\u2019oeil et [&hellip;]<\/p>\n","protected":false},"featured_media":9414,"comment_status":"open","ping_status":"closed","template":"","meta":{"qubely_global_settings":"","qubely_interactions":""},"product_brand":[],"product_cat":[83],"product_tag":[],"class_list":{"0":"post-9273","1":"product","2":"type-product","3":"status-publish","4":"has-post-thumbnail","6":"product_cat-book-fr","8":"first","9":"instock","10":"shipping-taxable","11":"product-type-external"},"yoast_head":"<!-- This site is optimized with the Yoast SEO plugin v27.2 - https:\/\/yoast.com\/product\/yoast-seo-wordpress\/ -->\n<title>Best seller: Vocabulaire FLE A1-A2 : 1000 mots en 200 cartes mentales et en audio - Avec exercices et corrig\u00e9s - Youronlinefrenchteacher<\/title>\n<meta name=\"description\" content=\"Le vocabulaire FLE A1-A2 en un clin d&#039;oeil et en audio ! Apprenez le vocabulaire fran\u00e7ais autrement, de fa\u00e7on visuelle et en audio !\" \/>\n<meta name=\"robots\" content=\"index, follow, max-snippet:-1, max-image-preview:large, max-video-preview:-1\" \/>\n<link rel=\"canonical\" href=\"https:\/\/www.youronlinefrenchteacher.com\/fr\/product\/vocabulaire-fle-a1-a2-1000-mots-en-200-cartes-mentales-et-en-audio-avec-exercices-et-corriges\/\" \/>\n<meta property=\"og:locale\" content=\"fr_FR\" \/>\n<meta property=\"og:type\" content=\"article\" \/>\n<meta property=\"og:title\" content=\"Best seller: Vocabulaire FLE A1-A2 : 1000 mots en 200 cartes mentales et en audio - Avec exercices et corrig\u00e9s - Youronlinefrenchteacher\" \/>\n<meta property=\"og:description\" content=\"Le vocabulaire FLE A1-A2 en un clin d&#039;oeil et en audio ! Apprenez le vocabulaire fran\u00e7ais autrement, de fa\u00e7on visuelle et en audio !\" \/>\n<meta property=\"og:url\" content=\"https:\/\/www.youronlinefrenchteacher.com\/fr\/product\/vocabulaire-fle-a1-a2-1000-mots-en-200-cartes-mentales-et-en-audio-avec-exercices-et-corriges\/\" \/>\n<meta property=\"og:site_name\" content=\"Youronlinefrenchteacher\" \/>\n<meta property=\"article:publisher\" content=\"https:\/\/www.facebook.com\/youronlinefrenchteacher\/\" \/>\n<meta property=\"article:modified_time\" content=\"2025-07-27T12:54:40+00:00\" \/>\n<meta property=\"og:image\" content=\"https:\/\/www.youronlinefrenchteacher.com\/wp-content\/uploads\/2025\/07\/Vocabulaire-FLE-A1-A2-avec-youronlinefrenchteacher-1000-mots-en-200-cartes-mentales-et-en-audio-Avec-exercices-et-corriges.jpg\" \/>\n\t<meta property=\"og:image:width\" content=\"1000\" \/>\n\t<meta property=\"og:image:height\" content=\"1499\" \/>\n\t<meta property=\"og:image:type\" content=\"image\/jpeg\" \/>\n<meta name=\"twitter:card\" content=\"summary_large_image\" \/>\n<meta name=\"twitter:label1\" content=\"Dur\u00e9e de lecture estim\u00e9e\" \/>\n\t<meta name=\"twitter:data1\" content=\"2 minutes\" \/>\n<script type=\"application\/ld+json\" class=\"yoast-schema-graph\">{\"@context\":\"https:\/\/schema.org\",\"@graph\":[{\"@type\":\"WebPage\",\"@id\":\"https:\/\/www.youronlinefrenchteacher.com\/fr\/product\/vocabulaire-fle-a1-a2-1000-mots-en-200-cartes-mentales-et-en-audio-avec-exercices-et-corriges\/\",\"url\":\"https:\/\/www.youronlinefrenchteacher.com\/fr\/product\/vocabulaire-fle-a1-a2-1000-mots-en-200-cartes-mentales-et-en-audio-avec-exercices-et-corriges\/\",\"name\":\"Best seller: Vocabulaire FLE A1-A2 : 1000 mots en 200 cartes mentales et en audio - Avec exercices et corrig\u00e9s - Youronlinefrenchteacher\",\"isPartOf\":{\"@id\":\"https:\/\/www.youronlinefrenchteacher.com\/#website\"},\"primaryImageOfPage\":{\"@id\":\"https:\/\/www.youronlinefrenchteacher.com\/fr\/product\/vocabulaire-fle-a1-a2-1000-mots-en-200-cartes-mentales-et-en-audio-avec-exercices-et-corriges\/#primaryimage\"},\"image\":{\"@id\":\"https:\/\/www.youronlinefrenchteacher.com\/fr\/product\/vocabulaire-fle-a1-a2-1000-mots-en-200-cartes-mentales-et-en-audio-avec-exercices-et-corriges\/#primaryimage\"},\"thumbnailUrl\":\"https:\/\/www.youronlinefrenchteacher.com\/wp-content\/uploads\/2025\/07\/Vocabulaire-FLE-A1-A2-avec-youronlinefrenchteacher-1000-mots-en-200-cartes-mentales-et-en-audio-Avec-exercices-et-corriges.jpg\",\"datePublished\":\"2024-08-21T10:00:33+00:00\",\"dateModified\":\"2025-07-27T12:54:40+00:00\",\"description\":\"Le vocabulaire FLE A1-A2 en un clin d'oeil et en audio ! Apprenez le vocabulaire fran\u00e7ais autrement, de fa\u00e7on visuelle et en audio !\",\"breadcrumb\":{\"@id\":\"https:\/\/www.youronlinefrenchteacher.com\/fr\/product\/vocabulaire-fle-a1-a2-1000-mots-en-200-cartes-mentales-et-en-audio-avec-exercices-et-corriges\/#breadcrumb\"},\"inLanguage\":\"fr-FR\",\"potentialAction\":[{\"@type\":\"ReadAction\",\"target\":[\"https:\/\/www.youronlinefrenchteacher.com\/fr\/product\/vocabulaire-fle-a1-a2-1000-mots-en-200-cartes-mentales-et-en-audio-avec-exercices-et-corriges\/\"]}]},{\"@type\":\"ImageObject\",\"inLanguage\":\"fr-FR\",\"@id\":\"https:\/\/www.youronlinefrenchteacher.com\/fr\/product\/vocabulaire-fle-a1-a2-1000-mots-en-200-cartes-mentales-et-en-audio-avec-exercices-et-corriges\/#primaryimage\",\"url\":\"https:\/\/www.youronlinefrenchteacher.com\/wp-content\/uploads\/2025\/07\/Vocabulaire-FLE-A1-A2-avec-youronlinefrenchteacher-1000-mots-en-200-cartes-mentales-et-en-audio-Avec-exercices-et-corriges.jpg\",\"contentUrl\":\"https:\/\/www.youronlinefrenchteacher.com\/wp-content\/uploads\/2025\/07\/Vocabulaire-FLE-A1-A2-avec-youronlinefrenchteacher-1000-mots-en-200-cartes-mentales-et-en-audio-Avec-exercices-et-corriges.jpg\",\"width\":1000,\"height\":1499,\"caption\":\"Vocabulaire FLE A1-A2 avec youronlinefrenchteacher 1000 mots en 200 cartes mentales et en audio - Avec exercices et corrig\u00e9s\"},{\"@type\":\"BreadcrumbList\",\"@id\":\"https:\/\/www.youronlinefrenchteacher.com\/fr\/product\/vocabulaire-fle-a1-a2-1000-mots-en-200-cartes-mentales-et-en-audio-avec-exercices-et-corriges\/#breadcrumb\",\"itemListElement\":[{\"@type\":\"ListItem\",\"position\":1,\"name\":\"Boutique\",\"item\":\"https:\/\/www.youronlinefrenchteacher.com\/fr\/boutique-2\/\"},{\"@type\":\"ListItem\",\"position\":2,\"name\":\"Best seller: Vocabulaire FLE A1-A2 : 1000 mots en 200 cartes mentales et en audio &#8211; Avec exercices et corrig\u00e9s\"}]},{\"@type\":\"WebSite\",\"@id\":\"https:\/\/www.youronlinefrenchteacher.com\/#website\",\"url\":\"https:\/\/www.youronlinefrenchteacher.com\/\",\"name\":\"Youronlinefrenchteacher\",\"description\":\"Learn french language\",\"publisher\":{\"@id\":\"https:\/\/www.youronlinefrenchteacher.com\/#organization\"},\"potentialAction\":[{\"@type\":\"SearchAction\",\"target\":{\"@type\":\"EntryPoint\",\"urlTemplate\":\"https:\/\/www.youronlinefrenchteacher.com\/?s={search_term_string}\"},\"query-input\":{\"@type\":\"PropertyValueSpecification\",\"valueRequired\":true,\"valueName\":\"search_term_string\"}}],\"inLanguage\":\"fr-FR\"},{\"@type\":\"Organization\",\"@id\":\"https:\/\/www.youronlinefrenchteacher.com\/#organization\",\"name\":\"Youronlinefrenchteacher\",\"url\":\"https:\/\/www.youronlinefrenchteacher.com\/\",\"logo\":{\"@type\":\"ImageObject\",\"inLanguage\":\"fr-FR\",\"@id\":\"https:\/\/www.youronlinefrenchteacher.com\/#\/schema\/logo\/image\/\",\"url\":\"https:\/\/www.youronlinefrenchteacher.com\/wp-content\/uploads\/2022\/12\/logo-yoft.png\",\"contentUrl\":\"https:\/\/www.youronlinefrenchteacher.com\/wp-content\/uploads\/2022\/12\/logo-yoft.png\",\"width\":1694,\"height\":686,\"caption\":\"Youronlinefrenchteacher\"},\"image\":{\"@id\":\"https:\/\/www.youronlinefrenchteacher.com\/#\/schema\/logo\/image\/\"},\"sameAs\":[\"https:\/\/www.facebook.com\/youronlinefrenchteacher\/\",\"https:\/\/www.instagram.com\/youronlinefrenchteacher\/\",\"https:\/\/www.linkedin.com\/in\/elodie-vincent61250\/\"]}]}<\/script>\n<!-- \/ Yoast SEO plugin. -->","yoast_head_json":{"title":"Best seller: Vocabulaire FLE A1-A2 : 1000 mots en 200 cartes mentales et en audio - Avec exercices et corrig\u00e9s - Youronlinefrenchteacher","description":"Le vocabulaire FLE A1-A2 en un clin d'oeil et en audio ! Apprenez le vocabulaire fran\u00e7ais autrement, de fa\u00e7on visuelle et en audio !","robots":{"index":"index","follow":"follow","max-snippet":"max-snippet:-1","max-image-preview":"max-image-preview:large","max-video-preview":"max-video-preview:-1"},"canonical":"https:\/\/www.youronlinefrenchteacher.com\/fr\/product\/vocabulaire-fle-a1-a2-1000-mots-en-200-cartes-mentales-et-en-audio-avec-exercices-et-corriges\/","og_locale":"fr_FR","og_type":"article","og_title":"Best seller: Vocabulaire FLE A1-A2 : 1000 mots en 200 cartes mentales et en audio - Avec exercices et corrig\u00e9s - Youronlinefrenchteacher","og_description":"Le vocabulaire FLE A1-A2 en un clin d'oeil et en audio ! Apprenez le vocabulaire fran\u00e7ais autrement, de fa\u00e7on visuelle et en audio !","og_url":"https:\/\/www.youronlinefrenchteacher.com\/fr\/product\/vocabulaire-fle-a1-a2-1000-mots-en-200-cartes-mentales-et-en-audio-avec-exercices-et-corriges\/","og_site_name":"Youronlinefrenchteacher","article_publisher":"https:\/\/www.facebook.com\/youronlinefrenchteacher\/","article_modified_time":"2025-07-27T12:54:40+00:00","og_image":[{"width":1000,"height":1499,"url":"https:\/\/www.youronlinefrenchteacher.com\/wp-content\/uploads\/2025\/07\/Vocabulaire-FLE-A1-A2-avec-youronlinefrenchteacher-1000-mots-en-200-cartes-mentales-et-en-audio-Avec-exercices-et-corriges.jpg","type":"image\/jpeg"}],"twitter_card":"summary_large_image","twitter_misc":{"Dur\u00e9e de lecture estim\u00e9e":"2 minutes"},"schema":{"@context":"https:\/\/schema.org","@graph":[{"@type":"WebPage","@id":"https:\/\/www.youronlinefrenchteacher.com\/fr\/product\/vocabulaire-fle-a1-a2-1000-mots-en-200-cartes-mentales-et-en-audio-avec-exercices-et-corriges\/","url":"https:\/\/www.youronlinefrenchteacher.com\/fr\/product\/vocabulaire-fle-a1-a2-1000-mots-en-200-cartes-mentales-et-en-audio-avec-exercices-et-corriges\/","name":"Best seller: Vocabulaire FLE A1-A2 : 1000 mots en 200 cartes mentales et en audio - Avec exercices et corrig\u00e9s - Youronlinefrenchteacher","isPartOf":{"@id":"https:\/\/www.youronlinefrenchteacher.com\/#website"},"primaryImageOfPage":{"@id":"https:\/\/www.youronlinefrenchteacher.com\/fr\/product\/vocabulaire-fle-a1-a2-1000-mots-en-200-cartes-mentales-et-en-audio-avec-exercices-et-corriges\/#primaryimage"},"image":{"@id":"https:\/\/www.youronlinefrenchteacher.com\/fr\/product\/vocabulaire-fle-a1-a2-1000-mots-en-200-cartes-mentales-et-en-audio-avec-exercices-et-corriges\/#primaryimage"},"thumbnailUrl":"https:\/\/www.youronlinefrenchteacher.com\/wp-content\/uploads\/2025\/07\/Vocabulaire-FLE-A1-A2-avec-youronlinefrenchteacher-1000-mots-en-200-cartes-mentales-et-en-audio-Avec-exercices-et-corriges.jpg","datePublished":"2024-08-21T10:00:33+00:00","dateModified":"2025-07-27T12:54:40+00:00","description":"Le vocabulaire FLE A1-A2 en un clin d'oeil et en audio ! Apprenez le vocabulaire fran\u00e7ais autrement, de fa\u00e7on visuelle et en audio !","breadcrumb":{"@id":"https:\/\/www.youronlinefrenchteacher.com\/fr\/product\/vocabulaire-fle-a1-a2-1000-mots-en-200-cartes-mentales-et-en-audio-avec-exercices-et-corriges\/#breadcrumb"},"inLanguage":"fr-FR","potentialAction":[{"@type":"ReadAction","target":["https:\/\/www.youronlinefrenchteacher.com\/fr\/product\/vocabulaire-fle-a1-a2-1000-mots-en-200-cartes-mentales-et-en-audio-avec-exercices-et-corriges\/"]}]},{"@type":"ImageObject","inLanguage":"fr-FR","@id":"https:\/\/www.youronlinefrenchteacher.com\/fr\/product\/vocabulaire-fle-a1-a2-1000-mots-en-200-cartes-mentales-et-en-audio-avec-exercices-et-corriges\/#primaryimage","url":"https:\/\/www.youronlinefrenchteacher.com\/wp-content\/uploads\/2025\/07\/Vocabulaire-FLE-A1-A2-avec-youronlinefrenchteacher-1000-mots-en-200-cartes-mentales-et-en-audio-Avec-exercices-et-corriges.jpg","contentUrl":"https:\/\/www.youronlinefrenchteacher.com\/wp-content\/uploads\/2025\/07\/Vocabulaire-FLE-A1-A2-avec-youronlinefrenchteacher-1000-mots-en-200-cartes-mentales-et-en-audio-Avec-exercices-et-corriges.jpg","width":1000,"height":1499,"caption":"Vocabulaire FLE A1-A2 avec youronlinefrenchteacher 1000 mots en 200 cartes mentales et en audio - Avec exercices et corrig\u00e9s"},{"@type":"BreadcrumbList","@id":"https:\/\/www.youronlinefrenchteacher.com\/fr\/product\/vocabulaire-fle-a1-a2-1000-mots-en-200-cartes-mentales-et-en-audio-avec-exercices-et-corriges\/#breadcrumb","itemListElement":[{"@type":"ListItem","position":1,"name":"Boutique","item":"https:\/\/www.youronlinefrenchteacher.com\/fr\/boutique-2\/"},{"@type":"ListItem","position":2,"name":"Best seller: Vocabulaire FLE A1-A2 : 1000 mots en 200 cartes mentales et en audio &#8211; Avec exercices et corrig\u00e9s"}]},{"@type":"WebSite","@id":"https:\/\/www.youronlinefrenchteacher.com\/#website","url":"https:\/\/www.youronlinefrenchteacher.com\/","name":"Youronlinefrenchteacher","description":"Learn french language","publisher":{"@id":"https:\/\/www.youronlinefrenchteacher.com\/#organization"},"potentialAction":[{"@type":"SearchAction","target":{"@type":"EntryPoint","urlTemplate":"https:\/\/www.youronlinefrenchteacher.com\/?s={search_term_string}"},"query-input":{"@type":"PropertyValueSpecification","valueRequired":true,"valueName":"search_term_string"}}],"inLanguage":"fr-FR"},{"@type":"Organization","@id":"https:\/\/www.youronlinefrenchteacher.com\/#organization","name":"Youronlinefrenchteacher","url":"https:\/\/www.youronlinefrenchteacher.com\/","logo":{"@type":"ImageObject","inLanguage":"fr-FR","@id":"https:\/\/www.youronlinefrenchteacher.com\/#\/schema\/logo\/image\/","url":"https:\/\/www.youronlinefrenchteacher.com\/wp-content\/uploads\/2022\/12\/logo-yoft.png","contentUrl":"https:\/\/www.youronlinefrenchteacher.com\/wp-content\/uploads\/2022\/12\/logo-yoft.png","width":1694,"height":686,"caption":"Youronlinefrenchteacher"},"image":{"@id":"https:\/\/www.youronlinefrenchteacher.com\/#\/schema\/logo\/image\/"},"sameAs":["https:\/\/www.facebook.com\/youronlinefrenchteacher\/","https:\/\/www.instagram.com\/youronlinefrenchteacher\/","https:\/\/www.linkedin.com\/in\/elodie-vincent61250\/"]}]}},"_links":{"self":[{"href":"https:\/\/www.youronlinefrenchteacher.com\/fr\/wp-json\/wp\/v2\/product\/9273","targetHints":{"allow":["GET"]}}],"collection":[{"href":"https:\/\/www.youronlinefrenchteacher.com\/fr\/wp-json\/wp\/v2\/product"}],"about":[{"href":"https:\/\/www.youronlinefrenchteacher.com\/fr\/wp-json\/wp\/v2\/types\/product"}],"replies":[{"embeddable":true,"href":"https:\/\/www.youronlinefrenchteacher.com\/fr\/wp-json\/wp\/v2\/comments?post=9273"}],"wp:featuredmedia":[{"embeddable":true,"href":"https:\/\/www.youronlinefrenchteacher.com\/fr\/wp-json\/wp\/v2\/media\/9414"}],"wp:attachment":[{"href":"https:\/\/www.youronlinefrenchteacher.com\/fr\/wp-json\/wp\/v2\/media?parent=9273"}],"wp:term":[{"taxonomy":"product_brand","embeddable":true,"href":"https:\/\/www.youronlinefrenchteacher.com\/fr\/wp-json\/wp\/v2\/product_brand?post=9273"},{"taxonomy":"product_cat","embeddable":true,"href":"https:\/\/www.youronlinefrenchteacher.com\/fr\/wp-json\/wp\/v2\/product_cat?post=9273"},{"taxonomy":"product_tag","embeddable":true,"href":"https:\/\/www.youronlinefrenchteacher.com\/fr\/wp-json\/wp\/v2\/product_tag?post=9273"}],"curies":[{"name":"wp","href":"https:\/\/api.w.org\/{rel}","templated":true}]}}