{"id":6602,"date":"2023-02-02T07:35:04","date_gmt":"2023-02-02T07:35:04","guid":{"rendered":"https:\/\/www.youronlinefrenchteacher.com\/?page_id=6602"},"modified":"2023-02-27T10:52:09","modified_gmt":"2023-02-27T10:52:09","slug":"court-ou-longue-duree","status":"publish","type":"page","link":"https:\/\/www.youronlinefrenchteacher.com\/fr\/court-ou-longue-duree\/","title":{"rendered":"Formations courtes ou sur le long terme"},"content":{"rendered":"\n<p>Pour s&rsquo;adapter \u00e0 votre emploi du temps et \u00e0 vos besoins, <strong>Your online French teacher<\/strong> vous propose une formation en fran\u00e7ais de courte ou de longue dur\u00e9e. Voici la liste des formations que propose Elodie.<\/p>\n\n\n\n<ul class=\"wp-block-list\">\n<li>Cours de <strong>conversation en fran\u00e7ais<\/strong><\/li>\n\n\n\n<li>Cours de <strong>d\u00e9bat en fran\u00e7ais<\/strong><\/li>\n\n\n\n<li>Cours de pr\u00e9paration au <strong>DELF DALF<\/strong><\/li>\n\n\n\n<li><strong>Formation des enseignants<\/strong> (grammaire, phon\u00e9tique, didactique, etc.)<\/li>\n\n\n\n<li><strong>Fran\u00e7ais professionnel<\/strong> (fran\u00e7ais des affaires, fran\u00e7ais pour ing\u00e9nieur, personnel m\u00e9dical, t\u00e9l\u00e9vision et cin\u00e9ma et plus)<\/li>\n\n\n\n<li><strong>Test de nationalisation<\/strong> (France, Suisse, Belgique)<\/li>\n\n\n\n<li>Ou tout autre objectif sp\u00e9cifique dont vous avez besoin pour atteindre vos buts en fran\u00e7ais<\/li>\n<\/ul>\n\n\n\n<h2 class=\"wp-block-heading\">Pourquoi embaucher Elodie ?<\/h2>\n\n\n\n<p>Elodie est <strong>ing\u00e9nieure p\u00e9dagogique sp\u00e9cialis\u00e9e en didactique des langues<\/strong> et <strong>professeure de FLE<\/strong> (fran\u00e7ais langue \u00e9trang\u00e8re). Elle enseigne le fran\u00e7ais depuis 2009 en ligne ou in-situ. Your online French teacher intervient en entreprise, dans les universit\u00e9s, les \u00e9coles priv\u00e9es et de donner des cours particuliers de \u00ab\u00a0tutoring\u00a0\u00bb dans le monde entier. Elodie propose \u00e9galement des <strong>s\u00e9jours linguistiques en France<\/strong> afin de renforcer votre fran\u00e7ais et de visiter la France en m\u00eame temps.<\/p>\n\n\n\n<p>De m\u00eame, Elodie a d\u00e9j\u00e0 pr\u00e9par\u00e9 des centaines d&rsquo;\u00e9tudiants \u00e0 passer avec succ\u00e8s leurs examens ou \u00e0 atteindre une bonne ma\u00eetrise du fran\u00e7ais. Du d\u00e9butant au confirm\u00e9, du <strong>DELF A1 <\/strong>au <strong>DALF C2<\/strong>, pour pr\u00e9parer ses \u00e9tudiants au TEF, TCF, AP French ou aux tests scolaires\/universitaires, elle travaille avec ses \u00e9tudiants pour atteindre leur meilleur niveau. Elodie s&rsquo;implique toujours dans la r\u00e9ussite de ses \u00e9l\u00e8ves et trouve la meilleure m\u00e9thodologie pour les motiver dans l&rsquo;apprentissage du fran\u00e7ais.<\/p>\n\n\n\n<p>Vous voulez booster votre fran\u00e7ais ? Vous voulez en savoir plus sur les cours de fran\u00e7ais individuels ou collectifs ? Consultez nos cours de fran\u00e7ais en ligne en cliquant sur le bouton ci-dessous.<\/p>\n\n\n\n<div class=\"wp-block-buttons is-content-justification-center is-layout-flex wp-container-core-buttons-is-layout-a89b3969 wp-block-buttons-is-layout-flex\">\n<div class=\"wp-block-button\"><a class=\"wp-block-button__link wp-element-button\" href=\"https:\/\/www.youronlinefrenchteacher.com\/fr\/cours-conversation-francais\/\">Les cours de fran\u00e7ais avec Elodie<\/a><\/div>\n<\/div>\n","protected":false},"excerpt":{"rendered":"<p>Pour s&rsquo;adapter \u00e0 votre emploi du temps et \u00e0 vos besoins, Your online French teacher vous propose une formation en fran\u00e7ais de courte ou de longue dur\u00e9e. Voici la liste des formations que propose Elodie. Pourquoi embaucher Elodie ? Elodie est ing\u00e9nieure p\u00e9dagogique sp\u00e9cialis\u00e9e en didactique des langues et professeure de FLE (fran\u00e7ais langue \u00e9trang\u00e8re). [&hellip;]<\/p>\n","protected":false},"author":2,"featured_media":0,"parent":0,"menu_order":0,"comment_status":"closed","ping_status":"closed","template":"","meta":{"qubely_global_settings":"","qubely_interactions":"","footnotes":""},"class_list":["post-6602","page","type-page","status-publish","hentry"],"blocksy_meta":{"styles_descriptor":{"styles":{"desktop":"","tablet":"","mobile":""},"google_fonts":[],"version":6}},"yoast_head":"<!-- This site is optimized with the Yoast SEO plugin v27.2 - https:\/\/yoast.com\/product\/yoast-seo-wordpress\/ -->\n<title>Formations courtes ou sur le long terme - Youronlinefrenchteacher<\/title>\n<meta name=\"description\" content=\"Pour s&#039;adapter \u00e0 vos disponibilit\u00e9s et besoins, Elodie, Your online French teacher, propose des formations de fran\u00e7ais courte ou longue dur\u00e9e.\" \/>\n<meta name=\"robots\" content=\"index, follow, max-snippet:-1, max-image-preview:large, max-video-preview:-1\" \/>\n<link rel=\"canonical\" href=\"https:\/\/www.youronlinefrenchteacher.com\/fr\/court-ou-longue-duree\/\" \/>\n<meta property=\"og:locale\" content=\"fr_FR\" \/>\n<meta property=\"og:type\" content=\"article\" \/>\n<meta property=\"og:title\" content=\"Formations courtes ou sur le long terme - Youronlinefrenchteacher\" \/>\n<meta property=\"og:description\" content=\"Pour s&#039;adapter \u00e0 vos disponibilit\u00e9s et besoins, Elodie, Your online French teacher, propose des formations de fran\u00e7ais courte ou longue dur\u00e9e.\" \/>\n<meta property=\"og:url\" content=\"https:\/\/www.youronlinefrenchteacher.com\/fr\/court-ou-longue-duree\/\" \/>\n<meta property=\"og:site_name\" content=\"Youronlinefrenchteacher\" \/>\n<meta property=\"article:publisher\" content=\"https:\/\/www.facebook.com\/youronlinefrenchteacher\/\" \/>\n<meta property=\"article:modified_time\" content=\"2023-02-27T10:52:09+00:00\" \/>\n<meta name=\"twitter:card\" content=\"summary_large_image\" \/>\n<meta name=\"twitter:label1\" content=\"Dur\u00e9e de lecture estim\u00e9e\" \/>\n\t<meta name=\"twitter:data1\" content=\"2 minutes\" \/>\n<script type=\"application\/ld+json\" class=\"yoast-schema-graph\">{\"@context\":\"https:\/\/schema.org\",\"@graph\":[{\"@type\":\"WebPage\",\"@id\":\"https:\/\/www.youronlinefrenchteacher.com\/fr\/court-ou-longue-duree\/\",\"url\":\"https:\/\/www.youronlinefrenchteacher.com\/fr\/court-ou-longue-duree\/\",\"name\":\"Formations courtes ou sur le long terme - Youronlinefrenchteacher\",\"isPartOf\":{\"@id\":\"https:\/\/www.youronlinefrenchteacher.com\/#website\"},\"datePublished\":\"2023-02-02T07:35:04+00:00\",\"dateModified\":\"2023-02-27T10:52:09+00:00\",\"description\":\"Pour s'adapter \u00e0 vos disponibilit\u00e9s et besoins, Elodie, Your online French teacher, propose des formations de fran\u00e7ais courte ou longue dur\u00e9e.\",\"inLanguage\":\"fr-FR\",\"potentialAction\":[{\"@type\":\"ReadAction\",\"target\":[\"https:\/\/www.youronlinefrenchteacher.com\/fr\/court-ou-longue-duree\/\"]}]},{\"@type\":\"WebSite\",\"@id\":\"https:\/\/www.youronlinefrenchteacher.com\/#website\",\"url\":\"https:\/\/www.youronlinefrenchteacher.com\/\",\"name\":\"Youronlinefrenchteacher\",\"description\":\"Learn french language\",\"publisher\":{\"@id\":\"https:\/\/www.youronlinefrenchteacher.com\/#organization\"},\"potentialAction\":[{\"@type\":\"SearchAction\",\"target\":{\"@type\":\"EntryPoint\",\"urlTemplate\":\"https:\/\/www.youronlinefrenchteacher.com\/?s={search_term_string}\"},\"query-input\":{\"@type\":\"PropertyValueSpecification\",\"valueRequired\":true,\"valueName\":\"search_term_string\"}}],\"inLanguage\":\"fr-FR\"},{\"@type\":\"Organization\",\"@id\":\"https:\/\/www.youronlinefrenchteacher.com\/#organization\",\"name\":\"Youronlinefrenchteacher\",\"url\":\"https:\/\/www.youronlinefrenchteacher.com\/\",\"logo\":{\"@type\":\"ImageObject\",\"inLanguage\":\"fr-FR\",\"@id\":\"https:\/\/www.youronlinefrenchteacher.com\/#\/schema\/logo\/image\/\",\"url\":\"https:\/\/www.youronlinefrenchteacher.com\/wp-content\/uploads\/2022\/12\/logo-yoft.png\",\"contentUrl\":\"https:\/\/www.youronlinefrenchteacher.com\/wp-content\/uploads\/2022\/12\/logo-yoft.png\",\"width\":1694,\"height\":686,\"caption\":\"Youronlinefrenchteacher\"},\"image\":{\"@id\":\"https:\/\/www.youronlinefrenchteacher.com\/#\/schema\/logo\/image\/\"},\"sameAs\":[\"https:\/\/www.facebook.com\/youronlinefrenchteacher\/\",\"https:\/\/www.instagram.com\/youronlinefrenchteacher\/\",\"https:\/\/www.linkedin.com\/in\/elodie-vincent61250\/\"]}]}<\/script>\n<!-- \/ Yoast SEO plugin. -->","yoast_head_json":{"title":"Formations courtes ou sur le long terme - Youronlinefrenchteacher","description":"Pour s'adapter \u00e0 vos disponibilit\u00e9s et besoins, Elodie, Your online French teacher, propose des formations de fran\u00e7ais courte ou longue dur\u00e9e.","robots":{"index":"index","follow":"follow","max-snippet":"max-snippet:-1","max-image-preview":"max-image-preview:large","max-video-preview":"max-video-preview:-1"},"canonical":"https:\/\/www.youronlinefrenchteacher.com\/fr\/court-ou-longue-duree\/","og_locale":"fr_FR","og_type":"article","og_title":"Formations courtes ou sur le long terme - Youronlinefrenchteacher","og_description":"Pour s'adapter \u00e0 vos disponibilit\u00e9s et besoins, Elodie, Your online French teacher, propose des formations de fran\u00e7ais courte ou longue dur\u00e9e.","og_url":"https:\/\/www.youronlinefrenchteacher.com\/fr\/court-ou-longue-duree\/","og_site_name":"Youronlinefrenchteacher","article_publisher":"https:\/\/www.facebook.com\/youronlinefrenchteacher\/","article_modified_time":"2023-02-27T10:52:09+00:00","twitter_card":"summary_large_image","twitter_misc":{"Dur\u00e9e de lecture estim\u00e9e":"2 minutes"},"schema":{"@context":"https:\/\/schema.org","@graph":[{"@type":"WebPage","@id":"https:\/\/www.youronlinefrenchteacher.com\/fr\/court-ou-longue-duree\/","url":"https:\/\/www.youronlinefrenchteacher.com\/fr\/court-ou-longue-duree\/","name":"Formations courtes ou sur le long terme - Youronlinefrenchteacher","isPartOf":{"@id":"https:\/\/www.youronlinefrenchteacher.com\/#website"},"datePublished":"2023-02-02T07:35:04+00:00","dateModified":"2023-02-27T10:52:09+00:00","description":"Pour s'adapter \u00e0 vos disponibilit\u00e9s et besoins, Elodie, Your online French teacher, propose des formations de fran\u00e7ais courte ou longue dur\u00e9e.","inLanguage":"fr-FR","potentialAction":[{"@type":"ReadAction","target":["https:\/\/www.youronlinefrenchteacher.com\/fr\/court-ou-longue-duree\/"]}]},{"@type":"WebSite","@id":"https:\/\/www.youronlinefrenchteacher.com\/#website","url":"https:\/\/www.youronlinefrenchteacher.com\/","name":"Youronlinefrenchteacher","description":"Learn french language","publisher":{"@id":"https:\/\/www.youronlinefrenchteacher.com\/#organization"},"potentialAction":[{"@type":"SearchAction","target":{"@type":"EntryPoint","urlTemplate":"https:\/\/www.youronlinefrenchteacher.com\/?s={search_term_string}"},"query-input":{"@type":"PropertyValueSpecification","valueRequired":true,"valueName":"search_term_string"}}],"inLanguage":"fr-FR"},{"@type":"Organization","@id":"https:\/\/www.youronlinefrenchteacher.com\/#organization","name":"Youronlinefrenchteacher","url":"https:\/\/www.youronlinefrenchteacher.com\/","logo":{"@type":"ImageObject","inLanguage":"fr-FR","@id":"https:\/\/www.youronlinefrenchteacher.com\/#\/schema\/logo\/image\/","url":"https:\/\/www.youronlinefrenchteacher.com\/wp-content\/uploads\/2022\/12\/logo-yoft.png","contentUrl":"https:\/\/www.youronlinefrenchteacher.com\/wp-content\/uploads\/2022\/12\/logo-yoft.png","width":1694,"height":686,"caption":"Youronlinefrenchteacher"},"image":{"@id":"https:\/\/www.youronlinefrenchteacher.com\/#\/schema\/logo\/image\/"},"sameAs":["https:\/\/www.facebook.com\/youronlinefrenchteacher\/","https:\/\/www.instagram.com\/youronlinefrenchteacher\/","https:\/\/www.linkedin.com\/in\/elodie-vincent61250\/"]}]}},"_links":{"self":[{"href":"https:\/\/www.youronlinefrenchteacher.com\/fr\/wp-json\/wp\/v2\/pages\/6602","targetHints":{"allow":["GET"]}}],"collection":[{"href":"https:\/\/www.youronlinefrenchteacher.com\/fr\/wp-json\/wp\/v2\/pages"}],"about":[{"href":"https:\/\/www.youronlinefrenchteacher.com\/fr\/wp-json\/wp\/v2\/types\/page"}],"author":[{"embeddable":true,"href":"https:\/\/www.youronlinefrenchteacher.com\/fr\/wp-json\/wp\/v2\/users\/2"}],"replies":[{"embeddable":true,"href":"https:\/\/www.youronlinefrenchteacher.com\/fr\/wp-json\/wp\/v2\/comments?post=6602"}],"version-history":[{"count":2,"href":"https:\/\/www.youronlinefrenchteacher.com\/fr\/wp-json\/wp\/v2\/pages\/6602\/revisions"}],"predecessor-version":[{"id":6718,"href":"https:\/\/www.youronlinefrenchteacher.com\/fr\/wp-json\/wp\/v2\/pages\/6602\/revisions\/6718"}],"wp:attachment":[{"href":"https:\/\/www.youronlinefrenchteacher.com\/fr\/wp-json\/wp\/v2\/media?parent=6602"}],"curies":[{"name":"wp","href":"https:\/\/api.w.org\/{rel}","templated":true}]}}