{"id":6599,"date":"2023-02-02T07:35:25","date_gmt":"2023-02-02T07:35:25","guid":{"rendered":"https:\/\/www.youronlinefrenchteacher.com\/?page_id=6599"},"modified":"2023-02-27T10:58:25","modified_gmt":"2023-02-27T10:58:25","slug":"en-ligne-et-proche-de-vous","status":"publish","type":"page","link":"https:\/\/www.youronlinefrenchteacher.com\/fr\/en-ligne-et-proche-de-vous\/","title":{"rendered":"En ligne et proche de vous"},"content":{"rendered":"\n<p>Les classes d&rsquo;Elodie, <strong>Your online French teacher <\/strong>se d\u00e9roulent sur ZOOM. Il s&rsquo;agit d&rsquo;une plateforme de vid\u00e9oconf\u00e9rence gratuite avec de nombreux outils. Partage d&rsquo;\u00e9cran, partage audio, tableau blanc, dessin, notes, chat et bien d&rsquo;autres fonctionnalit\u00e9s permettent des sessions interactives et dynamiques !<\/p>\n\n\n\n<h2 class=\"wp-block-heading\">Apprenez avec une professeure de FLE polyglotte<\/h2>\n\n\n\n<p>Pour permettre la connexion malgr\u00e9 la distance et d\u00e9velopper l&rsquo;apprentissage au quotidien, Elodie <strong>partage r\u00e9guli\u00e8rement des contenus sur les r\u00e9seaux sociaux<\/strong>. Elle partage sur Instagram , Facebook et Youtube des conseils linguistiques, des faits culturels et bien d&rsquo;autres ressources pour apprendre le fran\u00e7ais de mani\u00e8re amusante et attractive. Et comme elle parle fran\u00e7ais, anglais et espagnol, cela facilite les \u00e9changes !<\/p>\n\n\n\n<p>Elle interagit \u00e9galement avec ses \u00e9tudiants sur Whatsapp \/ WeChat pour partager des conversations plus personnelles ou parler de la vie quotidienne.<\/p>\n\n\n\n<p>Vous pouvez voir ci-dessous quelques photos du logiciel ZOOM et des r\u00e9seaux sociaux d&rsquo;Elodie.<\/p>\n\n\n\n<figure class=\"wp-block-gallery has-nested-images columns-default is-cropped wp-block-gallery-1 is-layout-flex wp-block-gallery-is-layout-flex\">\n<figure class=\"wp-block-image size-large\"><img loading=\"lazy\" decoding=\"async\" width=\"640\" height=\"480\" data-id=\"5153\" src=\"https:\/\/www.youronlinefrenchteacher.com\/wp-content\/uploads\/2023\/02\/zoom-1.jpg\" alt=\"\" class=\"wp-image-5153\" srcset=\"https:\/\/www.youronlinefrenchteacher.com\/wp-content\/uploads\/2023\/02\/zoom-1.jpg 640w, https:\/\/www.youronlinefrenchteacher.com\/wp-content\/uploads\/2023\/02\/zoom-1-600x450.jpg 600w, https:\/\/www.youronlinefrenchteacher.com\/wp-content\/uploads\/2023\/02\/zoom-1-300x225.jpg 300w\" sizes=\"auto, (max-width: 640px) 100vw, 640px\" \/><figcaption class=\"wp-element-caption\">Instagram \/ Facebook Post<\/figcaption><\/figure>\n\n\n\n<figure class=\"wp-block-image size-large\"><img loading=\"lazy\" decoding=\"async\" width=\"640\" height=\"480\" data-id=\"5152\" src=\"https:\/\/www.youronlinefrenchteacher.com\/wp-content\/uploads\/2023\/02\/zoom-2.jpg\" alt=\"\" class=\"wp-image-5152\" srcset=\"https:\/\/www.youronlinefrenchteacher.com\/wp-content\/uploads\/2023\/02\/zoom-2.jpg 640w, https:\/\/www.youronlinefrenchteacher.com\/wp-content\/uploads\/2023\/02\/zoom-2-600x450.jpg 600w, https:\/\/www.youronlinefrenchteacher.com\/wp-content\/uploads\/2023\/02\/zoom-2-300x225.jpg 300w\" sizes=\"auto, (max-width: 640px) 100vw, 640px\" \/><figcaption class=\"wp-element-caption\">Instagram \/ Facebook Post<\/figcaption><\/figure>\n<\/figure>\n\n\n\n<figure class=\"wp-block-gallery has-nested-images columns-default is-cropped wp-block-gallery-2 is-layout-flex wp-block-gallery-is-layout-flex\">\n<figure class=\"wp-block-image size-large\"><img loading=\"lazy\" decoding=\"async\" width=\"480\" height=\"641\" data-id=\"5155\" src=\"https:\/\/www.youronlinefrenchteacher.com\/wp-content\/uploads\/2023\/02\/zoom-3.jpg\" alt=\"\" class=\"wp-image-5155\" srcset=\"https:\/\/www.youronlinefrenchteacher.com\/wp-content\/uploads\/2023\/02\/zoom-3.jpg 480w, https:\/\/www.youronlinefrenchteacher.com\/wp-content\/uploads\/2023\/02\/zoom-3-300x400.jpg 300w, https:\/\/www.youronlinefrenchteacher.com\/wp-content\/uploads\/2023\/02\/zoom-3-225x300.jpg 225w\" sizes=\"auto, (max-width: 480px) 100vw, 480px\" \/><figcaption class=\"wp-element-caption\">College student class<\/figcaption><\/figure>\n\n\n\n<figure class=\"wp-block-image size-large\"><img loading=\"lazy\" decoding=\"async\" width=\"480\" height=\"641\" data-id=\"5156\" src=\"https:\/\/www.youronlinefrenchteacher.com\/wp-content\/uploads\/2023\/02\/zoom-4.jpg\" alt=\"\" class=\"wp-image-5156\" srcset=\"https:\/\/www.youronlinefrenchteacher.com\/wp-content\/uploads\/2023\/02\/zoom-4.jpg 480w, https:\/\/www.youronlinefrenchteacher.com\/wp-content\/uploads\/2023\/02\/zoom-4-300x400.jpg 300w, https:\/\/www.youronlinefrenchteacher.com\/wp-content\/uploads\/2023\/02\/zoom-4-225x300.jpg 225w\" sizes=\"auto, (max-width: 480px) 100vw, 480px\" \/><figcaption class=\"wp-element-caption\">Kid class<\/figcaption><\/figure>\n\n\n\n<figure class=\"wp-block-image size-large\"><img loading=\"lazy\" decoding=\"async\" width=\"480\" height=\"640\" data-id=\"5154\" src=\"https:\/\/www.youronlinefrenchteacher.com\/wp-content\/uploads\/2023\/02\/zoom-5.jpg\" alt=\"\" class=\"wp-image-5154\" srcset=\"https:\/\/www.youronlinefrenchteacher.com\/wp-content\/uploads\/2023\/02\/zoom-5.jpg 480w, https:\/\/www.youronlinefrenchteacher.com\/wp-content\/uploads\/2023\/02\/zoom-5-300x400.jpg 300w, https:\/\/www.youronlinefrenchteacher.com\/wp-content\/uploads\/2023\/02\/zoom-5-225x300.jpg 225w\" sizes=\"auto, (max-width: 480px) 100vw, 480px\" \/><figcaption class=\"wp-element-caption\">Kid class<\/figcaption><\/figure>\n<\/figure>\n\n\n\n<h2 class=\"wp-block-heading\">Qui est Elodie \u2013 Your online French teacher ?<\/h2>\n\n\n\n<p>Elodie est <strong>ing\u00e9nieure p\u00e9dagogique sp\u00e9cialis\u00e9e en didactique des langues<\/strong> et <strong>professeure de FLE<\/strong> (fran\u00e7ais langue \u00e9trang\u00e8re). Elle enseigne le fran\u00e7ais depuis 2009 en ligne ou in-situ. Your online French teacher est heureuse de travailler en entreprise, dans les universit\u00e9s, les \u00e9coles priv\u00e9es et de donner des cours particuliers de \u00ab\u00a0tutoring\u00a0\u00bb dans le monde entier. Elodie propose \u00e9galement des <strong>s\u00e9jours linguistiques en France<\/strong> afin de renforcer votre fran\u00e7ais et de visiter la France en m\u00eame temps.<\/p>\n\n\n\n<p>De m\u00eame, Elodie a d\u00e9j\u00e0 pr\u00e9par\u00e9 des centaines d&rsquo;\u00e9tudiants \u00e0 passer avec succ\u00e8s leurs examens ou \u00e0 atteindre une bonne ma\u00eetrise du fran\u00e7ais. Du d\u00e9butant au confirm\u00e9, du <strong>DELF A1 <\/strong>au <strong>DALF C2<\/strong>, pour pr\u00e9parer ses \u00e9tudiants au TEF, TCF, AP French ou aux tests scolaires\/universitaires, elle travaille avec ses \u00e9tudiants pour atteindre leur meilleur niveau. Elodie s&rsquo;implique toujours dans la r\u00e9ussite de ses \u00e9l\u00e8ves et trouve la meilleure m\u00e9thodologie pour les motiver dans l&rsquo;apprentissage du fran\u00e7ais.<\/p>\n\n\n\n<p>Vous voulez booster votre fran\u00e7ais ? Vous voulez en savoir plus sur les cours de fran\u00e7ais individuels ou collectifs ? Consultez nos cours de fran\u00e7ais en ligne en cliquant sur le bouton ci-dessous.<\/p>\n\n\n\n<div class=\"wp-block-buttons is-content-justification-center is-layout-flex wp-container-core-buttons-is-layout-a89b3969 wp-block-buttons-is-layout-flex\">\n<div class=\"wp-block-button\"><a class=\"wp-block-button__link wp-element-button\" href=\"https:\/\/www.youronlinefrenchteacher.com\/fr\/boutique-2\/\">Cours en ligne<\/a><\/div>\n<\/div>\n","protected":false},"excerpt":{"rendered":"<p>Les classes d&rsquo;Elodie, Your online French teacher se d\u00e9roulent sur ZOOM. Il s&rsquo;agit d&rsquo;une plateforme de vid\u00e9oconf\u00e9rence gratuite avec de nombreux outils. Partage d&rsquo;\u00e9cran, partage audio, tableau blanc, dessin, notes, chat et bien d&rsquo;autres fonctionnalit\u00e9s permettent des sessions interactives et dynamiques ! Apprenez avec une professeure de FLE polyglotte Pour permettre la connexion malgr\u00e9 la [&hellip;]<\/p>\n","protected":false},"author":2,"featured_media":0,"parent":0,"menu_order":0,"comment_status":"closed","ping_status":"closed","template":"","meta":{"qubely_global_settings":"","qubely_interactions":"","footnotes":""},"class_list":["post-6599","page","type-page","status-publish","hentry"],"blocksy_meta":{"styles_descriptor":{"styles":{"desktop":"","tablet":"","mobile":""},"google_fonts":[],"version":6}},"yoast_head":"<!-- This site is optimized with the Yoast SEO plugin v27.2 - https:\/\/yoast.com\/product\/yoast-seo-wordpress\/ -->\n<title>En ligne et proche de vous - Youronlinefrenchteacher<\/title>\n<meta name=\"description\" content=\"Vous recherchez une professeure de fran\u00e7ais qualifi\u00e9e en ligne ? Elodie, Your online French teacher, a la solution.\" \/>\n<meta name=\"robots\" content=\"index, follow, max-snippet:-1, max-image-preview:large, max-video-preview:-1\" \/>\n<link rel=\"canonical\" href=\"https:\/\/www.youronlinefrenchteacher.com\/fr\/en-ligne-et-proche-de-vous\/\" \/>\n<meta property=\"og:locale\" content=\"fr_FR\" \/>\n<meta property=\"og:type\" content=\"article\" \/>\n<meta property=\"og:title\" content=\"En ligne et proche de vous - Youronlinefrenchteacher\" \/>\n<meta property=\"og:description\" content=\"Vous recherchez une professeure de fran\u00e7ais qualifi\u00e9e en ligne ? Elodie, Your online French teacher, a la solution.\" \/>\n<meta property=\"og:url\" content=\"https:\/\/www.youronlinefrenchteacher.com\/fr\/en-ligne-et-proche-de-vous\/\" \/>\n<meta property=\"og:site_name\" content=\"Youronlinefrenchteacher\" \/>\n<meta property=\"article:publisher\" content=\"https:\/\/www.facebook.com\/youronlinefrenchteacher\/\" \/>\n<meta property=\"article:modified_time\" content=\"2023-02-27T10:58:25+00:00\" \/>\n<meta property=\"og:image\" content=\"https:\/\/www.youronlinefrenchteacher.com\/wp-content\/uploads\/2023\/02\/zoom-1.jpg\" \/>\n<meta name=\"twitter:card\" content=\"summary_large_image\" \/>\n<meta name=\"twitter:label1\" content=\"Dur\u00e9e de lecture estim\u00e9e\" \/>\n\t<meta name=\"twitter:data1\" content=\"3 minutes\" \/>\n<script type=\"application\/ld+json\" class=\"yoast-schema-graph\">{\"@context\":\"https:\/\/schema.org\",\"@graph\":[{\"@type\":\"WebPage\",\"@id\":\"https:\/\/www.youronlinefrenchteacher.com\/fr\/en-ligne-et-proche-de-vous\/\",\"url\":\"https:\/\/www.youronlinefrenchteacher.com\/fr\/en-ligne-et-proche-de-vous\/\",\"name\":\"En ligne et proche de vous - Youronlinefrenchteacher\",\"isPartOf\":{\"@id\":\"https:\/\/www.youronlinefrenchteacher.com\/#website\"},\"primaryImageOfPage\":{\"@id\":\"https:\/\/www.youronlinefrenchteacher.com\/fr\/en-ligne-et-proche-de-vous\/#primaryimage\"},\"image\":{\"@id\":\"https:\/\/www.youronlinefrenchteacher.com\/fr\/en-ligne-et-proche-de-vous\/#primaryimage\"},\"thumbnailUrl\":\"https:\/\/www.youronlinefrenchteacher.com\/wp-content\/uploads\/2023\/02\/zoom-1.jpg\",\"datePublished\":\"2023-02-02T07:35:25+00:00\",\"dateModified\":\"2023-02-27T10:58:25+00:00\",\"description\":\"Vous recherchez une professeure de fran\u00e7ais qualifi\u00e9e en ligne ? Elodie, Your online French teacher, a la solution.\",\"inLanguage\":\"fr-FR\",\"potentialAction\":[{\"@type\":\"ReadAction\",\"target\":[\"https:\/\/www.youronlinefrenchteacher.com\/fr\/en-ligne-et-proche-de-vous\/\"]}]},{\"@type\":\"ImageObject\",\"inLanguage\":\"fr-FR\",\"@id\":\"https:\/\/www.youronlinefrenchteacher.com\/fr\/en-ligne-et-proche-de-vous\/#primaryimage\",\"url\":\"https:\/\/www.youronlinefrenchteacher.com\/wp-content\/uploads\/2023\/02\/zoom-1.jpg\",\"contentUrl\":\"https:\/\/www.youronlinefrenchteacher.com\/wp-content\/uploads\/2023\/02\/zoom-1.jpg\"},{\"@type\":\"WebSite\",\"@id\":\"https:\/\/www.youronlinefrenchteacher.com\/#website\",\"url\":\"https:\/\/www.youronlinefrenchteacher.com\/\",\"name\":\"Youronlinefrenchteacher\",\"description\":\"Learn french language\",\"publisher\":{\"@id\":\"https:\/\/www.youronlinefrenchteacher.com\/#organization\"},\"potentialAction\":[{\"@type\":\"SearchAction\",\"target\":{\"@type\":\"EntryPoint\",\"urlTemplate\":\"https:\/\/www.youronlinefrenchteacher.com\/?s={search_term_string}\"},\"query-input\":{\"@type\":\"PropertyValueSpecification\",\"valueRequired\":true,\"valueName\":\"search_term_string\"}}],\"inLanguage\":\"fr-FR\"},{\"@type\":\"Organization\",\"@id\":\"https:\/\/www.youronlinefrenchteacher.com\/#organization\",\"name\":\"Youronlinefrenchteacher\",\"url\":\"https:\/\/www.youronlinefrenchteacher.com\/\",\"logo\":{\"@type\":\"ImageObject\",\"inLanguage\":\"fr-FR\",\"@id\":\"https:\/\/www.youronlinefrenchteacher.com\/#\/schema\/logo\/image\/\",\"url\":\"https:\/\/www.youronlinefrenchteacher.com\/wp-content\/uploads\/2022\/12\/logo-yoft.png\",\"contentUrl\":\"https:\/\/www.youronlinefrenchteacher.com\/wp-content\/uploads\/2022\/12\/logo-yoft.png\",\"width\":1694,\"height\":686,\"caption\":\"Youronlinefrenchteacher\"},\"image\":{\"@id\":\"https:\/\/www.youronlinefrenchteacher.com\/#\/schema\/logo\/image\/\"},\"sameAs\":[\"https:\/\/www.facebook.com\/youronlinefrenchteacher\/\",\"https:\/\/www.instagram.com\/youronlinefrenchteacher\/\",\"https:\/\/www.linkedin.com\/in\/elodie-vincent61250\/\"]}]}<\/script>\n<!-- \/ Yoast SEO plugin. -->","yoast_head_json":{"title":"En ligne et proche de vous - Youronlinefrenchteacher","description":"Vous recherchez une professeure de fran\u00e7ais qualifi\u00e9e en ligne ? Elodie, Your online French teacher, a la solution.","robots":{"index":"index","follow":"follow","max-snippet":"max-snippet:-1","max-image-preview":"max-image-preview:large","max-video-preview":"max-video-preview:-1"},"canonical":"https:\/\/www.youronlinefrenchteacher.com\/fr\/en-ligne-et-proche-de-vous\/","og_locale":"fr_FR","og_type":"article","og_title":"En ligne et proche de vous - Youronlinefrenchteacher","og_description":"Vous recherchez une professeure de fran\u00e7ais qualifi\u00e9e en ligne ? Elodie, Your online French teacher, a la solution.","og_url":"https:\/\/www.youronlinefrenchteacher.com\/fr\/en-ligne-et-proche-de-vous\/","og_site_name":"Youronlinefrenchteacher","article_publisher":"https:\/\/www.facebook.com\/youronlinefrenchteacher\/","article_modified_time":"2023-02-27T10:58:25+00:00","og_image":[{"url":"https:\/\/www.youronlinefrenchteacher.com\/wp-content\/uploads\/2023\/02\/zoom-1.jpg","type":"","width":"","height":""}],"twitter_card":"summary_large_image","twitter_misc":{"Dur\u00e9e de lecture estim\u00e9e":"3 minutes"},"schema":{"@context":"https:\/\/schema.org","@graph":[{"@type":"WebPage","@id":"https:\/\/www.youronlinefrenchteacher.com\/fr\/en-ligne-et-proche-de-vous\/","url":"https:\/\/www.youronlinefrenchteacher.com\/fr\/en-ligne-et-proche-de-vous\/","name":"En ligne et proche de vous - Youronlinefrenchteacher","isPartOf":{"@id":"https:\/\/www.youronlinefrenchteacher.com\/#website"},"primaryImageOfPage":{"@id":"https:\/\/www.youronlinefrenchteacher.com\/fr\/en-ligne-et-proche-de-vous\/#primaryimage"},"image":{"@id":"https:\/\/www.youronlinefrenchteacher.com\/fr\/en-ligne-et-proche-de-vous\/#primaryimage"},"thumbnailUrl":"https:\/\/www.youronlinefrenchteacher.com\/wp-content\/uploads\/2023\/02\/zoom-1.jpg","datePublished":"2023-02-02T07:35:25+00:00","dateModified":"2023-02-27T10:58:25+00:00","description":"Vous recherchez une professeure de fran\u00e7ais qualifi\u00e9e en ligne ? Elodie, Your online French teacher, a la solution.","inLanguage":"fr-FR","potentialAction":[{"@type":"ReadAction","target":["https:\/\/www.youronlinefrenchteacher.com\/fr\/en-ligne-et-proche-de-vous\/"]}]},{"@type":"ImageObject","inLanguage":"fr-FR","@id":"https:\/\/www.youronlinefrenchteacher.com\/fr\/en-ligne-et-proche-de-vous\/#primaryimage","url":"https:\/\/www.youronlinefrenchteacher.com\/wp-content\/uploads\/2023\/02\/zoom-1.jpg","contentUrl":"https:\/\/www.youronlinefrenchteacher.com\/wp-content\/uploads\/2023\/02\/zoom-1.jpg"},{"@type":"WebSite","@id":"https:\/\/www.youronlinefrenchteacher.com\/#website","url":"https:\/\/www.youronlinefrenchteacher.com\/","name":"Youronlinefrenchteacher","description":"Learn french language","publisher":{"@id":"https:\/\/www.youronlinefrenchteacher.com\/#organization"},"potentialAction":[{"@type":"SearchAction","target":{"@type":"EntryPoint","urlTemplate":"https:\/\/www.youronlinefrenchteacher.com\/?s={search_term_string}"},"query-input":{"@type":"PropertyValueSpecification","valueRequired":true,"valueName":"search_term_string"}}],"inLanguage":"fr-FR"},{"@type":"Organization","@id":"https:\/\/www.youronlinefrenchteacher.com\/#organization","name":"Youronlinefrenchteacher","url":"https:\/\/www.youronlinefrenchteacher.com\/","logo":{"@type":"ImageObject","inLanguage":"fr-FR","@id":"https:\/\/www.youronlinefrenchteacher.com\/#\/schema\/logo\/image\/","url":"https:\/\/www.youronlinefrenchteacher.com\/wp-content\/uploads\/2022\/12\/logo-yoft.png","contentUrl":"https:\/\/www.youronlinefrenchteacher.com\/wp-content\/uploads\/2022\/12\/logo-yoft.png","width":1694,"height":686,"caption":"Youronlinefrenchteacher"},"image":{"@id":"https:\/\/www.youronlinefrenchteacher.com\/#\/schema\/logo\/image\/"},"sameAs":["https:\/\/www.facebook.com\/youronlinefrenchteacher\/","https:\/\/www.instagram.com\/youronlinefrenchteacher\/","https:\/\/www.linkedin.com\/in\/elodie-vincent61250\/"]}]}},"_links":{"self":[{"href":"https:\/\/www.youronlinefrenchteacher.com\/fr\/wp-json\/wp\/v2\/pages\/6599","targetHints":{"allow":["GET"]}}],"collection":[{"href":"https:\/\/www.youronlinefrenchteacher.com\/fr\/wp-json\/wp\/v2\/pages"}],"about":[{"href":"https:\/\/www.youronlinefrenchteacher.com\/fr\/wp-json\/wp\/v2\/types\/page"}],"author":[{"embeddable":true,"href":"https:\/\/www.youronlinefrenchteacher.com\/fr\/wp-json\/wp\/v2\/users\/2"}],"replies":[{"embeddable":true,"href":"https:\/\/www.youronlinefrenchteacher.com\/fr\/wp-json\/wp\/v2\/comments?post=6599"}],"version-history":[{"count":2,"href":"https:\/\/www.youronlinefrenchteacher.com\/fr\/wp-json\/wp\/v2\/pages\/6599\/revisions"}],"predecessor-version":[{"id":6724,"href":"https:\/\/www.youronlinefrenchteacher.com\/fr\/wp-json\/wp\/v2\/pages\/6599\/revisions\/6724"}],"wp:attachment":[{"href":"https:\/\/www.youronlinefrenchteacher.com\/fr\/wp-json\/wp\/v2\/media?parent=6599"}],"curies":[{"name":"wp","href":"https:\/\/api.w.org\/{rel}","templated":true}]}}