{"id":6594,"date":"2023-02-02T07:34:34","date_gmt":"2023-02-02T07:34:34","guid":{"rendered":"https:\/\/www.youronlinefrenchteacher.com\/?page_id=6594"},"modified":"2023-03-17T14:58:11","modified_gmt":"2023-03-17T14:58:11","slug":"classes-individuelles-ou-groupees","status":"publish","type":"page","link":"https:\/\/www.youronlinefrenchteacher.com\/fr\/classes-individuelles-ou-groupees\/","title":{"rendered":"Classes individuelles ou group\u00e9es"},"content":{"rendered":"\n<p>Vous recherchez une <strong>professeure de fran\u00e7ais qualifi\u00e9e<\/strong> pour vos classes individuelles ou group\u00e9es de FLE ? Vous avez besoin d&rsquo;apprendre le fran\u00e7ais pour votre travail ? Vous devez <strong>former vos \u00e9quipes<\/strong> rapidement ? Vous voulez am\u00e9liorer vos comp\u00e9tences en fran\u00e7ais ? Elodie a la solution pour vos <strong>cours de fran\u00e7ais individuels ou collectifs<\/strong>.<\/p>\n\n\n\n<h2 class=\"wp-block-heading\">Apprenez le fran\u00e7ais plus rapidement seul ou avec des amis \/ coll\u00e8gues<\/h2>\n\n\n\n<p>Your online French teacher r\u00e9pond \u00e0 vos besoins sp\u00e9cifiques. Elodie propose aussi bien des cours individuels que des sessions de groupe (jusqu&rsquo;\u00e0 quatre \u00e9tudiants). Les cours individuels ou en petits groupes vous permettront d&rsquo;<strong>apprendre le fran\u00e7ais plus vite<\/strong> et mieux. Contactez Your online French teacher pour pr\u00e9parer votre plan d&rsquo;apprentissage du fran\u00e7ais.<\/p>\n\n\n\n<p>Voici les d\u00e9tails des cours individuels ou en groupe. Il appartient \u00e0 l&rsquo;apprenant de cr\u00e9er un groupe d&rsquo;apprentissage.<\/p>\n\n\n\n<ul class=\"wp-block-list\">\n<li><strong>Cours de conversation fran\u00e7aise<\/strong><\/li>\n\n\n\n<li><strong>Cours de d\u00e9bat en fran\u00e7ais<\/strong><\/li>\n\n\n\n<li><strong>Cours de pr\u00e9paration au <a href=\"https:\/\/fr.wikipedia.org\/wiki\/Fran%C3%A7ais_langue_%C3%A9trang%C3%A8re\" target=\"_blank\" rel=\"noreferrer noopener\">DELF DALF<\/a><\/strong><\/li>\n\n\n\n<li><strong>Formation des enseignants <\/strong>(grammaire, phon\u00e9tique, didactique, etc.)<\/li>\n\n\n\n<li><strong>Fran\u00e7ais professionnel <\/strong>(affaires, ing\u00e9nieur, personnel m\u00e9dical, t\u00e9l\u00e9vision et cin\u00e9ma, etc.)<\/li>\n\n\n\n<li><strong>Test de nationalisation<\/strong> (France, Suisse, Belgique)<\/li>\n\n\n\n<li>Ou tout autre objectif sp\u00e9cifique dont vous avez besoin pour atteindre vos buts en fran\u00e7ais<\/li>\n<\/ul>\n\n\n\n<h2 class=\"wp-block-heading\">Qui est Elodie \u2013 Your online French teacher ?<\/h2>\n\n\n\n<p>Elodie est <strong>ing\u00e9nieure p\u00e9dagogique sp\u00e9cialis\u00e9e en didactique des langues<\/strong> et <strong>professeure de FLE<\/strong> (fran\u00e7ais langue \u00e9trang\u00e8re). Elle enseigne le fran\u00e7ais depuis 2009 en ligne ou in-situ. Your online French teacher est heureuse de travailler en entreprise, dans les universit\u00e9s, les \u00e9coles priv\u00e9es et de donner des cours particuliers de \u00ab\u00a0tutoring\u00a0\u00bb dans le monde entier. Elodie propose \u00e9galement des <strong>s\u00e9jours linguistiques en France<\/strong> afin de renforcer votre fran\u00e7ais et de visiter la France en m\u00eame temps.<\/p>\n\n\n\n<p>De m\u00eame, Elodie a d\u00e9j\u00e0 pr\u00e9par\u00e9 des centaines d&rsquo;\u00e9tudiants \u00e0 passer avec succ\u00e8s leurs examens ou \u00e0 atteindre une bonne ma\u00eetrise du fran\u00e7ais. Du d\u00e9butant au confirm\u00e9, du <strong>DELF A1 <\/strong>au <strong>DALF C2<\/strong>, pour pr\u00e9parer ses \u00e9tudiants au TEF, TCF, AP French ou aux tests scolaires\/universitaires, elle travaille avec ses \u00e9tudiants pour atteindre leur meilleur niveau. Elodie s&rsquo;implique toujours dans la r\u00e9ussite de ses \u00e9l\u00e8ves et trouve la meilleure m\u00e9thodologie pour les motiver dans l&rsquo;apprentissage du fran\u00e7ais.<\/p>\n\n\n\n<p>Vous voulez booster votre fran\u00e7ais ? Vous voulez en savoir plus sur les cours de fran\u00e7ais individuels ou collectifs ? Consultez nos cours de fran\u00e7ais en ligne en cliquant sur le bouton ci-dessous.<\/p>\n\n\n\n<div class=\"wp-block-buttons is-content-justification-center is-layout-flex wp-container-core-buttons-is-layout-a89b3969 wp-block-buttons-is-layout-flex\">\n<div class=\"wp-block-button\"><a class=\"wp-block-button__link wp-element-button\" href=\"https:\/\/www.youronlinefrenchteacher.com\/fr\/boutique-2\/\">Cours en ligne<\/a><\/div>\n<\/div>\n","protected":false},"excerpt":{"rendered":"<p>Vous recherchez une professeure de fran\u00e7ais qualifi\u00e9e pour vos classes individuelles ou group\u00e9es de FLE ? Vous avez besoin d&rsquo;apprendre le fran\u00e7ais pour votre travail ? Vous devez former vos \u00e9quipes rapidement ? Vous voulez am\u00e9liorer vos comp\u00e9tences en fran\u00e7ais ? Elodie a la solution pour vos cours de fran\u00e7ais individuels ou collectifs. Apprenez le [&hellip;]<\/p>\n","protected":false},"author":2,"featured_media":0,"parent":0,"menu_order":0,"comment_status":"closed","ping_status":"closed","template":"","meta":{"qubely_global_settings":"","qubely_interactions":"","footnotes":""},"class_list":["post-6594","page","type-page","status-publish","hentry"],"blocksy_meta":{"styles_descriptor":{"styles":{"desktop":"","tablet":"","mobile":""},"google_fonts":[],"version":6}},"yoast_head":"<!-- This site is optimized with the Yoast SEO plugin v27.2 - https:\/\/yoast.com\/product\/yoast-seo-wordpress\/ -->\n<title>Classes individuelles ou group\u00e9es - Youronlinefrenchteacher<\/title>\n<meta name=\"description\" content=\"Vous recherchez une professeure de fran\u00e7ais qualifi\u00e9e ? Elodie a la solution pour vos classes individuelles ou group\u00e9es.\" \/>\n<meta name=\"robots\" content=\"index, follow, max-snippet:-1, max-image-preview:large, max-video-preview:-1\" \/>\n<link rel=\"canonical\" href=\"https:\/\/www.youronlinefrenchteacher.com\/fr\/classes-individuelles-ou-groupees\/\" \/>\n<meta property=\"og:locale\" content=\"fr_FR\" \/>\n<meta property=\"og:type\" content=\"article\" \/>\n<meta property=\"og:title\" content=\"Classes individuelles ou group\u00e9es - Youronlinefrenchteacher\" \/>\n<meta property=\"og:description\" content=\"Vous recherchez une professeure de fran\u00e7ais qualifi\u00e9e ? Elodie a la solution pour vos classes individuelles ou group\u00e9es.\" \/>\n<meta property=\"og:url\" content=\"https:\/\/www.youronlinefrenchteacher.com\/fr\/classes-individuelles-ou-groupees\/\" \/>\n<meta property=\"og:site_name\" content=\"Youronlinefrenchteacher\" \/>\n<meta property=\"article:publisher\" content=\"https:\/\/www.facebook.com\/youronlinefrenchteacher\/\" \/>\n<meta property=\"article:modified_time\" content=\"2023-03-17T14:58:11+00:00\" \/>\n<meta name=\"twitter:card\" content=\"summary_large_image\" \/>\n<meta name=\"twitter:label1\" content=\"Dur\u00e9e de lecture estim\u00e9e\" \/>\n\t<meta name=\"twitter:data1\" content=\"2 minutes\" \/>\n<script type=\"application\/ld+json\" class=\"yoast-schema-graph\">{\"@context\":\"https:\/\/schema.org\",\"@graph\":[{\"@type\":\"WebPage\",\"@id\":\"https:\/\/www.youronlinefrenchteacher.com\/fr\/classes-individuelles-ou-groupees\/\",\"url\":\"https:\/\/www.youronlinefrenchteacher.com\/fr\/classes-individuelles-ou-groupees\/\",\"name\":\"Classes individuelles ou group\u00e9es - Youronlinefrenchteacher\",\"isPartOf\":{\"@id\":\"https:\/\/www.youronlinefrenchteacher.com\/#website\"},\"datePublished\":\"2023-02-02T07:34:34+00:00\",\"dateModified\":\"2023-03-17T14:58:11+00:00\",\"description\":\"Vous recherchez une professeure de fran\u00e7ais qualifi\u00e9e ? Elodie a la solution pour vos classes individuelles ou group\u00e9es.\",\"inLanguage\":\"fr-FR\",\"potentialAction\":[{\"@type\":\"ReadAction\",\"target\":[\"https:\/\/www.youronlinefrenchteacher.com\/fr\/classes-individuelles-ou-groupees\/\"]}]},{\"@type\":\"WebSite\",\"@id\":\"https:\/\/www.youronlinefrenchteacher.com\/#website\",\"url\":\"https:\/\/www.youronlinefrenchteacher.com\/\",\"name\":\"Youronlinefrenchteacher\",\"description\":\"Learn french language\",\"publisher\":{\"@id\":\"https:\/\/www.youronlinefrenchteacher.com\/#organization\"},\"potentialAction\":[{\"@type\":\"SearchAction\",\"target\":{\"@type\":\"EntryPoint\",\"urlTemplate\":\"https:\/\/www.youronlinefrenchteacher.com\/?s={search_term_string}\"},\"query-input\":{\"@type\":\"PropertyValueSpecification\",\"valueRequired\":true,\"valueName\":\"search_term_string\"}}],\"inLanguage\":\"fr-FR\"},{\"@type\":\"Organization\",\"@id\":\"https:\/\/www.youronlinefrenchteacher.com\/#organization\",\"name\":\"Youronlinefrenchteacher\",\"url\":\"https:\/\/www.youronlinefrenchteacher.com\/\",\"logo\":{\"@type\":\"ImageObject\",\"inLanguage\":\"fr-FR\",\"@id\":\"https:\/\/www.youronlinefrenchteacher.com\/#\/schema\/logo\/image\/\",\"url\":\"https:\/\/www.youronlinefrenchteacher.com\/wp-content\/uploads\/2022\/12\/logo-yoft.png\",\"contentUrl\":\"https:\/\/www.youronlinefrenchteacher.com\/wp-content\/uploads\/2022\/12\/logo-yoft.png\",\"width\":1694,\"height\":686,\"caption\":\"Youronlinefrenchteacher\"},\"image\":{\"@id\":\"https:\/\/www.youronlinefrenchteacher.com\/#\/schema\/logo\/image\/\"},\"sameAs\":[\"https:\/\/www.facebook.com\/youronlinefrenchteacher\/\",\"https:\/\/www.instagram.com\/youronlinefrenchteacher\/\",\"https:\/\/www.linkedin.com\/in\/elodie-vincent61250\/\"]}]}<\/script>\n<!-- \/ Yoast SEO plugin. -->","yoast_head_json":{"title":"Classes individuelles ou group\u00e9es - Youronlinefrenchteacher","description":"Vous recherchez une professeure de fran\u00e7ais qualifi\u00e9e ? Elodie a la solution pour vos classes individuelles ou group\u00e9es.","robots":{"index":"index","follow":"follow","max-snippet":"max-snippet:-1","max-image-preview":"max-image-preview:large","max-video-preview":"max-video-preview:-1"},"canonical":"https:\/\/www.youronlinefrenchteacher.com\/fr\/classes-individuelles-ou-groupees\/","og_locale":"fr_FR","og_type":"article","og_title":"Classes individuelles ou group\u00e9es - Youronlinefrenchteacher","og_description":"Vous recherchez une professeure de fran\u00e7ais qualifi\u00e9e ? Elodie a la solution pour vos classes individuelles ou group\u00e9es.","og_url":"https:\/\/www.youronlinefrenchteacher.com\/fr\/classes-individuelles-ou-groupees\/","og_site_name":"Youronlinefrenchteacher","article_publisher":"https:\/\/www.facebook.com\/youronlinefrenchteacher\/","article_modified_time":"2023-03-17T14:58:11+00:00","twitter_card":"summary_large_image","twitter_misc":{"Dur\u00e9e de lecture estim\u00e9e":"2 minutes"},"schema":{"@context":"https:\/\/schema.org","@graph":[{"@type":"WebPage","@id":"https:\/\/www.youronlinefrenchteacher.com\/fr\/classes-individuelles-ou-groupees\/","url":"https:\/\/www.youronlinefrenchteacher.com\/fr\/classes-individuelles-ou-groupees\/","name":"Classes individuelles ou group\u00e9es - Youronlinefrenchteacher","isPartOf":{"@id":"https:\/\/www.youronlinefrenchteacher.com\/#website"},"datePublished":"2023-02-02T07:34:34+00:00","dateModified":"2023-03-17T14:58:11+00:00","description":"Vous recherchez une professeure de fran\u00e7ais qualifi\u00e9e ? Elodie a la solution pour vos classes individuelles ou group\u00e9es.","inLanguage":"fr-FR","potentialAction":[{"@type":"ReadAction","target":["https:\/\/www.youronlinefrenchteacher.com\/fr\/classes-individuelles-ou-groupees\/"]}]},{"@type":"WebSite","@id":"https:\/\/www.youronlinefrenchteacher.com\/#website","url":"https:\/\/www.youronlinefrenchteacher.com\/","name":"Youronlinefrenchteacher","description":"Learn french language","publisher":{"@id":"https:\/\/www.youronlinefrenchteacher.com\/#organization"},"potentialAction":[{"@type":"SearchAction","target":{"@type":"EntryPoint","urlTemplate":"https:\/\/www.youronlinefrenchteacher.com\/?s={search_term_string}"},"query-input":{"@type":"PropertyValueSpecification","valueRequired":true,"valueName":"search_term_string"}}],"inLanguage":"fr-FR"},{"@type":"Organization","@id":"https:\/\/www.youronlinefrenchteacher.com\/#organization","name":"Youronlinefrenchteacher","url":"https:\/\/www.youronlinefrenchteacher.com\/","logo":{"@type":"ImageObject","inLanguage":"fr-FR","@id":"https:\/\/www.youronlinefrenchteacher.com\/#\/schema\/logo\/image\/","url":"https:\/\/www.youronlinefrenchteacher.com\/wp-content\/uploads\/2022\/12\/logo-yoft.png","contentUrl":"https:\/\/www.youronlinefrenchteacher.com\/wp-content\/uploads\/2022\/12\/logo-yoft.png","width":1694,"height":686,"caption":"Youronlinefrenchteacher"},"image":{"@id":"https:\/\/www.youronlinefrenchteacher.com\/#\/schema\/logo\/image\/"},"sameAs":["https:\/\/www.facebook.com\/youronlinefrenchteacher\/","https:\/\/www.instagram.com\/youronlinefrenchteacher\/","https:\/\/www.linkedin.com\/in\/elodie-vincent61250\/"]}]}},"_links":{"self":[{"href":"https:\/\/www.youronlinefrenchteacher.com\/fr\/wp-json\/wp\/v2\/pages\/6594","targetHints":{"allow":["GET"]}}],"collection":[{"href":"https:\/\/www.youronlinefrenchteacher.com\/fr\/wp-json\/wp\/v2\/pages"}],"about":[{"href":"https:\/\/www.youronlinefrenchteacher.com\/fr\/wp-json\/wp\/v2\/types\/page"}],"author":[{"embeddable":true,"href":"https:\/\/www.youronlinefrenchteacher.com\/fr\/wp-json\/wp\/v2\/users\/2"}],"replies":[{"embeddable":true,"href":"https:\/\/www.youronlinefrenchteacher.com\/fr\/wp-json\/wp\/v2\/comments?post=6594"}],"version-history":[{"count":3,"href":"https:\/\/www.youronlinefrenchteacher.com\/fr\/wp-json\/wp\/v2\/pages\/6594\/revisions"}],"predecessor-version":[{"id":6841,"href":"https:\/\/www.youronlinefrenchteacher.com\/fr\/wp-json\/wp\/v2\/pages\/6594\/revisions\/6841"}],"wp:attachment":[{"href":"https:\/\/www.youronlinefrenchteacher.com\/fr\/wp-json\/wp\/v2\/media?parent=6594"}],"curies":[{"name":"wp","href":"https:\/\/api.w.org\/{rel}","templated":true}]}}